{"id":59032,"date":"2020-08-20T09:23:46","date_gmt":"2020-08-20T07:23:46","guid":{"rendered":"http:\/\/shop.mesomatic.ch\/composants\/"},"modified":"2021-11-01T12:05:05","modified_gmt":"2021-11-01T11:05:05","slug":"categorie-produit-composants","status":"publish","type":"page","link":"https:\/\/shop.mesomatic.ch\/fr\/categorie-produit-composants\/","title":{"rendered":"Composants"},"content":{"rendered":"<div class=\"wpb-content-wrapper\"><p>[vc_row][vc_column css=&#8221;.vc_custom_1597665441443{border-radius: 10px !important;}&#8221;][vc_column_text el_id=&#8221;top-subcategories&#8221;]<\/p>\n<ul>\n<li><a href=\"\/fr\/categorie-produit\/composants\/attenuateurs\/\">Att\u00e9nuateurs<\/a><\/li>\n<li><a href=\"\/fr\/categorie-produit\/composants\/convertisseurs-medias\/\">Convertisseurs m\u00e9dias<\/a><\/li>\n<li><a href=\"\/fr\/categorie-produit\/composants\/cable-patch-et-adaptateurs\/\">C\u00e2bles Patch et adaptateurs<\/a><\/li>\n<li><a href=\"\/fr\/categorie-produit\/composants\/modules-optiques-transceivers\/\">Modules optiques, transceivers<\/a><\/li>\n<li><a href=\"\/fr\/categorie-produit\/composants\/bobines-fibre-amorce-fr\/\">Bobines fibre amorce<\/a><\/li>\n<\/ul>\n<p>[\/vc_column_text][\/vc_column][\/vc_row][vc_row el_class=&#8221;grid-look&#8221;][vc_column][vc_column_text css=&#8221;.vc_custom_1597664857554{margin-top: 50px !important;margin-bottom: 30px !important;}&#8221;]<\/p>\n<h3>Meilleures ventes<\/h3>\n<p>[\/vc_column_text]<div class=\"woocommerce columns-4 \"><div class=\"wf-container dt-products  woo-hover products loading-effect-fade-in description-on-hover cart-btn-on-img hide-description wc-grid\" data-padding=\"0px\" data-cur-page=\"1\" data-desktop-columns-num=\"1\" data-v-tablet-columns-num=\"1\" data-h-tablet-columns-num=\"1\" data-phone-columns-num=\"1\">\n\n<article class=\"post visible description-off product type-product post-59832 status-publish first instock product_cat-attenuateurs has-post-thumbnail taxable shipping-taxable purchasable product-type-simple\">\n\n\t<figure class=\"woocom-project\">\n\t<div class=\"woo-buttons-on-img\">\n\n\t\t<a href=\"https:\/\/shop.mesomatic.ch\/fr\/produkt\/composants\/attenuateurs\/fa125-05-hp-2\/\" class=\"alignnone layzr-bg\"><img decoding=\"async\" width=\"400\" src=\"data:image\/svg+xml;charset=utf-8,%3Csvg xmlns%3D&#039;http%3A%2F%2Fwww.w3.org%2F2000%2Fsvg&#039; viewBox%3D&#039;0 0 400 0&#039;%2F%3E\" class=\"attachment-woocommerce_thumbnail size-woocommerce_thumbnail lazy-load preload-me\" alt=\"FA125-05-HP\" data-src=\"https:\/\/shop.mesomatic.ch\/media\/LC-PC-Daempfungsglied.jpg\" \/><\/a>\n\t<\/div>\n\t<figcaption class=\"woocom-list-content\">\n\n\t\t<div class=\"doi-col-lista\"><a class=\"be_prod_title\" href=\"https:\/\/shop.mesomatic.ch\/fr\/produkt\/composants\/attenuateurs\/fa125-05-hp-2\/\"><h2 class=\"woocommerce-loop-product__title\">FA125-05-HP<\/h2><\/a><div class=\"product-attributes\"><span class=\"attributes\">LC<\/span><span class=\"attributes\">PC<\/span><span class=\"attributes\">5dB<\/span><\/div> <div class=\"descriere-scurta\"> <p>Att\u00e9nuateur LC\/PC, Singlemode, 5dB<\/p>\n<\/div><\/div> <!-- end doi-col-lista -->\t\t\t<a class=\"in_wishlist  jvm_add_to_wishlist button \" href=\"?add-to-wishlist=59832\" title=\"Add to Wishlist\" rel=\"nofollow\" data-product-title=\"FA125-05-HP\" data-product-id=\"59832\" >\n\t\t\t\t\t<span class=\"jvm_add_to_wishlist_heart\"><\/span>\t\t\t\t<span class=\"jvm_add_to_wishlist_text_add\">Add to Wishlist<\/span>\n\n\t\t\t\t\n\t\t\t\t\t\t\t\t<span class=\"jvm_add_to_wishlist_text_already_in\">Already in Wishlist<\/span>\n\t\t\t\t\t\t\t\t\n\t\t\t<\/a>\n\t\t<div class=\"trei-col-lista\"><span class=\"price\"><span class=\"woocommerce-Price-amount amount\"> CHF 38.00<\/span><\/span>    <div class=\"about-tax\">Prix \u200b\u200bhors TVA<\/div>\n            <span class=\"stoc\">10 sont disponibles<\/span><\/div> <!-- end 3rd-col -->\n        \n\t<\/figcaption>\n<\/figure>\n\n<\/article>\n\n\n\n<article class=\"post visible description-off product type-product post-59892 status-publish instock product_cat-attenuateurs has-post-thumbnail taxable shipping-taxable purchasable product-type-simple\">\n\n\t<figure class=\"woocom-project\">\n\t<div class=\"woo-buttons-on-img\">\n\n\t\t<a href=\"https:\/\/shop.mesomatic.ch\/fr\/produkt\/composants\/attenuateurs\/fa125-10-hp-2\/\" class=\"alignnone layzr-bg\"><img decoding=\"async\" width=\"400\" src=\"data:image\/svg+xml;charset=utf-8,%3Csvg xmlns%3D&#039;http%3A%2F%2Fwww.w3.org%2F2000%2Fsvg&#039; viewBox%3D&#039;0 0 400 0&#039;%2F%3E\" class=\"attachment-woocommerce_thumbnail size-woocommerce_thumbnail lazy-load preload-me\" alt=\"FA125-10-HP\" data-src=\"https:\/\/shop.mesomatic.ch\/media\/LC-PC-Daempfungsglied.jpg\" \/><\/a>\n\t<\/div>\n\t<figcaption class=\"woocom-list-content\">\n\n\t\t<div class=\"doi-col-lista\"><a class=\"be_prod_title\" href=\"https:\/\/shop.mesomatic.ch\/fr\/produkt\/composants\/attenuateurs\/fa125-10-hp-2\/\"><h2 class=\"woocommerce-loop-product__title\">FA125-10-HP<\/h2><\/a><div class=\"product-attributes\"><span class=\"attributes\">LC<\/span><span class=\"attributes\">PC<\/span><span class=\"attributes\">10dB<\/span><\/div> <div class=\"descriere-scurta\"> <p>Att\u00e9nuateur LC\/PC, monomode, 10dB<\/p>\n<\/div><\/div> <!-- end doi-col-lista -->\t\t\t<a class=\"in_wishlist  jvm_add_to_wishlist button \" href=\"?add-to-wishlist=59892\" title=\"Add to Wishlist\" rel=\"nofollow\" data-product-title=\"FA125-10-HP\" data-product-id=\"59892\" >\n\t\t\t\t\t<span class=\"jvm_add_to_wishlist_heart\"><\/span>\t\t\t\t<span class=\"jvm_add_to_wishlist_text_add\">Add to Wishlist<\/span>\n\n\t\t\t\t\n\t\t\t\t\t\t\t\t<span class=\"jvm_add_to_wishlist_text_already_in\">Already in Wishlist<\/span>\n\t\t\t\t\t\t\t\t\n\t\t\t<\/a>\n\t\t<div class=\"trei-col-lista\"><span class=\"price\"><span class=\"woocommerce-Price-amount amount\"> CHF 38.00<\/span><\/span>    <div class=\"about-tax\">Prix \u200b\u200bhors TVA<\/div>\n            <span class=\"stoc\">79 sont disponibles<\/span><\/div> <!-- end 3rd-col -->\n        \n\t<\/figcaption>\n<\/figure>\n\n<\/article>\n\n\n\n<article class=\"post visible description-off product type-product post-59900 status-publish instock product_cat-attenuateurs has-post-thumbnail taxable shipping-taxable purchasable product-type-simple\">\n\n\t<figure class=\"woocom-project\">\n\t<div class=\"woo-buttons-on-img\">\n\n\t\t<a href=\"https:\/\/shop.mesomatic.ch\/fr\/produkt\/composants\/attenuateurs\/fa125-12-hp-2\/\" class=\"alignnone layzr-bg\"><img decoding=\"async\" width=\"400\" src=\"data:image\/svg+xml;charset=utf-8,%3Csvg xmlns%3D&#039;http%3A%2F%2Fwww.w3.org%2F2000%2Fsvg&#039; viewBox%3D&#039;0 0 400 0&#039;%2F%3E\" class=\"attachment-woocommerce_thumbnail size-woocommerce_thumbnail lazy-load preload-me\" alt=\"FA125-12-HP\" data-src=\"https:\/\/shop.mesomatic.ch\/media\/LC-PC-Daempfungsglied.jpg\" \/><\/a>\n\t<\/div>\n\t<figcaption class=\"woocom-list-content\">\n\n\t\t<div class=\"doi-col-lista\"><a class=\"be_prod_title\" href=\"https:\/\/shop.mesomatic.ch\/fr\/produkt\/composants\/attenuateurs\/fa125-12-hp-2\/\"><h2 class=\"woocommerce-loop-product__title\">FA125-12-HP<\/h2><\/a><div class=\"product-attributes\"><span class=\"attributes\">LC<\/span><span class=\"attributes\">PC<\/span><span class=\"attributes\">12dB<\/span><\/div> <div class=\"descriere-scurta\"> <p>Att\u00e9nuateur LC\/PC, monomode, 12dB<\/p>\n<\/div><\/div> <!-- end doi-col-lista -->\t\t\t<a class=\"in_wishlist  jvm_add_to_wishlist button \" href=\"?add-to-wishlist=59900\" title=\"Add to Wishlist\" rel=\"nofollow\" data-product-title=\"FA125-12-HP\" data-product-id=\"59900\" >\n\t\t\t\t\t<span class=\"jvm_add_to_wishlist_heart\"><\/span>\t\t\t\t<span class=\"jvm_add_to_wishlist_text_add\">Add to Wishlist<\/span>\n\n\t\t\t\t\n\t\t\t\t\t\t\t\t<span class=\"jvm_add_to_wishlist_text_already_in\">Already in Wishlist<\/span>\n\t\t\t\t\t\t\t\t\n\t\t\t<\/a>\n\t\t<div class=\"trei-col-lista\"><span class=\"price\"><span class=\"woocommerce-Price-amount amount\"> CHF 38.00<\/span><\/span>    <div class=\"about-tax\">Prix \u200b\u200bhors TVA<\/div>\n            <span class=\"stoc\">6 sont disponibles<\/span><\/div> <!-- end 3rd-col -->\n        \n\t<\/figcaption>\n<\/figure>\n\n<\/article>\n\n<\/div><\/div>[vc_column_text css=&#8221;.vc_custom_1596955170302{margin-top: 100px !important;margin-bottom: 30px !important;}&#8221;]<\/p>\n<h3>Nouveaut\u00e9s<\/h3>\n<p>[\/vc_column_text]<div class=\"woocommerce columns-4 \"><div class=\"wf-container dt-products  woo-hover products loading-effect-fade-in description-on-hover cart-btn-on-img hide-description wc-grid\" data-padding=\"0px\" data-cur-page=\"1\" data-desktop-columns-num=\"1\" data-v-tablet-columns-num=\"1\" data-h-tablet-columns-num=\"1\" data-phone-columns-num=\"1\">\n\n<article class=\"post visible description-off product type-product post-65430 status-publish first onbackorder product_cat-transceiver has-post-thumbnail taxable shipping-taxable purchasable product-type-simple\">\n\n\t<figure class=\"woocom-project\">\n\t<div class=\"woo-buttons-on-img\">\n\n\t\t<a href=\"https:\/\/shop.mesomatic.ch\/fr\/produkt\/komponenten\/transceiver\/1-10g-sfp-dac-passive-kupfer-kabel\/\" class=\"alignnone layzr-bg\"><img decoding=\"async\" width=\"400\" src=\"data:image\/svg+xml;charset=utf-8,%3Csvg xmlns%3D&#039;http%3A%2F%2Fwww.w3.org%2F2000%2Fsvg&#039; viewBox%3D&#039;0 0 400 0&#039;%2F%3E\" class=\"attachment-woocommerce_thumbnail size-woocommerce_thumbnail lazy-load preload-me\" alt=\"C&acirc;ble en cuivre passif 1 - 10G SFP+ DAC.\" data-src=\"https:\/\/shop.mesomatic.ch\/media\/SFP+-DAC.jpg\" \/><\/a>\n\t<\/div>\n\t<figcaption class=\"woocom-list-content\">\n\n\t\t<div class=\"doi-col-lista\"><a class=\"be_prod_title\" href=\"https:\/\/shop.mesomatic.ch\/fr\/produkt\/komponenten\/transceiver\/1-10g-sfp-dac-passive-kupfer-kabel\/\"><h2 class=\"woocommerce-loop-product__title\">C&acirc;ble en cuivre passif 1 &#8211; 10G SFP+ DAC.<\/h2><\/a><div class=\"product-attributes\"><span class=\"attributes\">DAC<\/span><span class=\"attributes\">10G, 1G<\/span><span class=\"attributes\">Kupfer<\/span><\/div> <div class=\"descriere-scurta\"> <p>Datenrate: 1 &#8211; 10G Formfaktor: DAC Kabell\u00e4nge 3.0 Meter<\/p>\n<\/div><\/div> <!-- end doi-col-lista -->\t\t\t<a class=\"in_wishlist  jvm_add_to_wishlist button \" href=\"?add-to-wishlist=65430\" title=\"Add to Wishlist\" rel=\"nofollow\" data-product-title=\"C&acirc;ble en cuivre passif 1 &#8211; 10G SFP+ DAC.\" data-product-id=\"65430\" >\n\t\t\t\t\t<span class=\"jvm_add_to_wishlist_heart\"><\/span>\t\t\t\t<span class=\"jvm_add_to_wishlist_text_add\">Add to Wishlist<\/span>\n\n\t\t\t\t\n\t\t\t\t\t\t\t\t<span class=\"jvm_add_to_wishlist_text_already_in\">Already in Wishlist<\/span>\n\t\t\t\t\t\t\t\t\n\t\t\t<\/a>\n\t\t<div class=\"trei-col-lista\"><span class=\"price\"><span class=\"woocommerce-Price-amount amount\"> CHF 37.65<\/span><\/span>    <div class=\"about-tax\">Prix \u200b\u200bhors TVA<\/div>\n                <span class=\"outstoc\">Bient\u00f4t disponible<\/span> <\/div><!-- end 3rd-col -->\n            \n\t<\/figcaption>\n<\/figure>\n\n<\/article>\n\n\n\n<article class=\"post visible description-off product type-product post-65274 status-publish instock product_cat-modules-optiques-transceivers has-post-thumbnail taxable shipping-taxable purchasable product-type-simple\">\n\n\t<figure class=\"woocom-project\">\n\t<div class=\"woo-buttons-on-img\">\n\n\t\t<a href=\"https:\/\/shop.mesomatic.ch\/fr\/produkt\/composants\/modules-optiques-transceivers\/10g-sfp-rj-45\/\" class=\"alignnone layzr-bg\"><img loading=\"lazy\" decoding=\"async\" width=\"400\" height=\"300\" src=\"data:image\/svg+xml;charset=utf-8,%3Csvg xmlns%3D&#039;http%3A%2F%2Fwww.w3.org%2F2000%2Fsvg&#039; viewBox%3D&#039;0 0 400 300&#039;%2F%3E\" class=\"attachment-woocommerce_thumbnail size-woocommerce_thumbnail lazy-load preload-me\" alt=\"10G SFP+ RJ-45\" data-src=\"https:\/\/shop.mesomatic.ch\/wp-content\/uploads\/2020\/09\/SFP-Copper-400x300.png\" data-srcset=\"https:\/\/shop.mesomatic.ch\/wp-content\/uploads\/2020\/09\/SFP-Copper-400x300.png 400w, https:\/\/shop.mesomatic.ch\/wp-content\/uploads\/2020\/09\/SFP-Copper-300x225.png 300w, https:\/\/shop.mesomatic.ch\/wp-content\/uploads\/2020\/09\/SFP-Copper.png 577w\" \/><\/a>\n\t<\/div>\n\t<figcaption class=\"woocom-list-content\">\n\n\t\t<div class=\"doi-col-lista\"><a class=\"be_prod_title\" href=\"https:\/\/shop.mesomatic.ch\/fr\/produkt\/composants\/modules-optiques-transceivers\/10g-sfp-rj-45\/\"><h2 class=\"woocommerce-loop-product__title\">10G SFP+ RJ-45<\/h2><\/a><div class=\"product-attributes\"><\/div> <div class=\"descriere-scurta\"> <p>10G SFP+ RJ-45 D\u00e9bit de donn\u00e9es: 10G Facteur de forme: SFP+ Type de connecteur: RJ-45 Distance: jusqu&#8217;\u00e0 30 m<\/p>\n<\/div><\/div> <!-- end doi-col-lista -->\t\t\t<a class=\"in_wishlist  jvm_add_to_wishlist button \" href=\"?add-to-wishlist=65274\" title=\"Add to Wishlist\" rel=\"nofollow\" data-product-title=\"10G SFP+ RJ-45\" data-product-id=\"65274\" >\n\t\t\t\t\t<span class=\"jvm_add_to_wishlist_heart\"><\/span>\t\t\t\t<span class=\"jvm_add_to_wishlist_text_add\">Add to Wishlist<\/span>\n\n\t\t\t\t\n\t\t\t\t\t\t\t\t<span class=\"jvm_add_to_wishlist_text_already_in\">Already in Wishlist<\/span>\n\t\t\t\t\t\t\t\t\n\t\t\t<\/a>\n\t\t<div class=\"trei-col-lista\"><span class=\"price\"><span class=\"woocommerce-Price-amount amount\"> CHF 109.25<\/span><\/span>    <div class=\"about-tax\">Prix \u200b\u200bhors TVA<\/div>\n            <span class=\"stoc\">15 sont disponibles<\/span><\/div> <!-- end 3rd-col -->\n        \n\t<\/figcaption>\n<\/figure>\n\n<\/article>\n\n\n\n<article class=\"post visible description-off product type-product post-65202 status-publish onbackorder product_cat-cable-patch-et-adaptateurs has-post-thumbnail taxable shipping-taxable purchasable product-type-simple\">\n\n\t<figure class=\"woocom-project\">\n\t<div class=\"woo-buttons-on-img\">\n\n\t\t<a href=\"https:\/\/shop.mesomatic.ch\/fr\/produkt\/composants\/cable-patch-et-adaptateurs\/filtre-otdr-inservice-sc-apc\/\" class=\"alignnone layzr-bg\"><img loading=\"lazy\" decoding=\"async\" width=\"400\" height=\"211\" src=\"data:image\/svg+xml;charset=utf-8,%3Csvg xmlns%3D&#039;http%3A%2F%2Fwww.w3.org%2F2000%2Fsvg&#039; viewBox%3D&#039;0 0 400 211&#039;%2F%3E\" class=\"attachment-woocommerce_thumbnail size-woocommerce_thumbnail lazy-load preload-me\" alt=\"Filtre OTDR InService SC\/APC&nbsp;\" data-src=\"https:\/\/shop.mesomatic.ch\/wp-content\/uploads\/2020\/09\/InService_Filter_SCAPC-400x211.png\" data-srcset=\"https:\/\/shop.mesomatic.ch\/wp-content\/uploads\/2020\/09\/InService_Filter_SCAPC-400x211.png 400w, https:\/\/shop.mesomatic.ch\/wp-content\/uploads\/2020\/09\/InService_Filter_SCAPC-300x158.png 300w, https:\/\/shop.mesomatic.ch\/wp-content\/uploads\/2020\/09\/InService_Filter_SCAPC.png 688w\" \/><\/a>\n\t<\/div>\n\t<figcaption class=\"woocom-list-content\">\n\n\t\t<div class=\"doi-col-lista\"><a class=\"be_prod_title\" href=\"https:\/\/shop.mesomatic.ch\/fr\/produkt\/composants\/cable-patch-et-adaptateurs\/filtre-otdr-inservice-sc-apc\/\"><h2 class=\"woocommerce-loop-product__title\">Filtre OTDR InService SC\/APC&nbsp;<\/h2><\/a><div class=\"product-attributes\"><span class=\"attributes\">SC\/APC<\/span><span class=\"attributes\">Simplex<\/span><span class=\"attributes\">SM<\/span><span class=\"attributes\">2.0m<\/span><\/div> <div class=\"descriere-scurta\"> <p>Connectez le filtre entre l\u2019OTDR et l\u2019alimentation et effectuez des mesures \u00e0 1625nm ou 1650nm. Filtre \u00e0 haute isolation 1310nm\/1550 avec une longueur de c\u00e2ble de 1m et un connecteur SC\/APC aux deux extr\u00e9mit\u00e9s. Produits connexes.<\/p>\n<\/div><\/div> <!-- end doi-col-lista -->\t\t\t<a class=\"in_wishlist  jvm_add_to_wishlist button \" href=\"?add-to-wishlist=65202\" title=\"Add to Wishlist\" rel=\"nofollow\" data-product-title=\"Filtre OTDR InService SC\/APC&nbsp;\" data-product-id=\"65202\" >\n\t\t\t\t\t<span class=\"jvm_add_to_wishlist_heart\"><\/span>\t\t\t\t<span class=\"jvm_add_to_wishlist_text_add\">Add to Wishlist<\/span>\n\n\t\t\t\t\n\t\t\t\t\t\t\t\t<span class=\"jvm_add_to_wishlist_text_already_in\">Already in Wishlist<\/span>\n\t\t\t\t\t\t\t\t\n\t\t\t<\/a>\n\t\t<div class=\"trei-col-lista\"><span class=\"price\"><span class=\"woocommerce-Price-amount amount\"> CHF 248.00<\/span><\/span>    <div class=\"about-tax\">Prix \u200b\u200bhors TVA<\/div>\n                <span class=\"outstoc\">Bient\u00f4t disponible<\/span> <\/div><!-- end 3rd-col -->\n            \n\t<\/figcaption>\n<\/figure>\n\n<\/article>\n\n<\/div><\/div>[\/vc_column][\/vc_row]<\/p>\n<\/div>","protected":false},"excerpt":{"rendered":"<p>[vc_row][vc_column css=&#8221;.vc_custom_1597665441443{border-radius: 10px !important;}&#8221;][vc_column_text el_id=&#8221;top-subcategories&#8221;] Att\u00e9nuateurs Convertisseurs m\u00e9dias C\u00e2bles Patch et adaptateurs Modules optiques, transceivers Bobines fibre amorce [\/vc_column_text][\/vc_column][\/vc_row][vc_row el_class=&#8221;grid-look&#8221;][vc_column][vc_column_text css=&#8221;.vc_custom_1597664857554{margin-top: 50px !important;margin-bottom: 30px !important;}&#8221;] Meilleures ventes [\/vc_column_text][vc_column_text css=&#8221;.vc_custom_1596955170302{margin-top: 100px !important;margin-bottom: 30px !important;}&#8221;] Nouveaut\u00e9s [\/vc_column_text][\/vc_column][\/vc_row]<\/p>\n","protected":false},"author":12,"featured_media":0,"parent":0,"menu_order":0,"comment_status":"closed","ping_status":"closed","template":"","meta":{"footnotes":""},"class_list":["post-59032","page","type-page","status-publish","hentry","description-off"],"_links":{"self":[{"href":"https:\/\/shop.mesomatic.ch\/fr\/wp-json\/wp\/v2\/pages\/59032","targetHints":{"allow":["GET"]}}],"collection":[{"href":"https:\/\/shop.mesomatic.ch\/fr\/wp-json\/wp\/v2\/pages"}],"about":[{"href":"https:\/\/shop.mesomatic.ch\/fr\/wp-json\/wp\/v2\/types\/page"}],"author":[{"embeddable":true,"href":"https:\/\/shop.mesomatic.ch\/fr\/wp-json\/wp\/v2\/users\/12"}],"replies":[{"embeddable":true,"href":"https:\/\/shop.mesomatic.ch\/fr\/wp-json\/wp\/v2\/comments?post=59032"}],"version-history":[{"count":14,"href":"https:\/\/shop.mesomatic.ch\/fr\/wp-json\/wp\/v2\/pages\/59032\/revisions"}],"predecessor-version":[{"id":62566,"href":"https:\/\/shop.mesomatic.ch\/fr\/wp-json\/wp\/v2\/pages\/59032\/revisions\/62566"}],"wp:attachment":[{"href":"https:\/\/shop.mesomatic.ch\/fr\/wp-json\/wp\/v2\/media?parent=59032"}],"curies":[{"name":"wp","href":"https:\/\/api.w.org\/{rel}","templated":true}]}}