{"id":59044,"date":"2020-08-20T09:29:22","date_gmt":"2020-08-20T07:29:22","guid":{"rendered":"http:\/\/shop.mesomatic.ch\/nettoyage\/"},"modified":"2021-11-03T08:28:45","modified_gmt":"2021-11-03T07:28:45","slug":"nettoyage","status":"publish","type":"page","link":"https:\/\/shop.mesomatic.ch\/fr\/nettoyage\/","title":{"rendered":"Inspecter et nettoyer"},"content":{"rendered":"<div class=\"wpb-content-wrapper\"><p>[vc_row][vc_column css=&#8221;.vc_custom_1597665441443{border-radius: 10px !important;}&#8221;][vc_column_text el_id=&#8221;top-subcategories&#8221;]<\/p>\n<ul>\n<li><a href=\"\/fr\/categorie-produit\/inspection-et-nettoyage\/stylos-de-nettoyage\/\">Stylos de nettoyage<\/a><\/li>\n<li><a href=\"\/fr\/categorie-produit\/inspection-et-nettoyage\/cassettes-de-nettoyage\/\">Cassettes de nettoyage<\/a><\/li>\n<li><a href=\"\/fr\/categorie-produit\/inspection-et-nettoyage\/outils-de-nettoyage\/\">Outils de nettoyage<\/a><\/li>\n<li><a href=\"\/fr\/categorie-produit\/inspection-et-nettoyage\/kit-dinspection-et-de-nettoyage\/\">Kit d&#8217;inspection et de nettoyage<\/a><\/li>\n<li><a href=\"\/fr\/categorie-produit\/inspection-et-nettoyage\/microscopes-adaptateurs\/\">Microscopes d&#8217;inspection et Adaptateurs<\/a><\/li>\n<\/ul>\n<p>[\/vc_column_text][\/vc_column][\/vc_row][vc_row el_class=&#8221;grid-look&#8221;][vc_column][vc_column_text css=&#8221;.vc_custom_1597664857554{margin-top: 50px !important;margin-bottom: 30px !important;}&#8221;]<\/p>\n<h3>Meilleures ventes<\/h3>\n<p>[\/vc_column_text]<div class=\"woocommerce columns-4 \"><div class=\"wf-container dt-products  woo-hover products loading-effect-fade-in description-on-hover cart-btn-on-img hide-description wc-grid\" data-padding=\"0px\" data-cur-page=\"1\" data-desktop-columns-num=\"1\" data-v-tablet-columns-num=\"1\" data-h-tablet-columns-num=\"1\" data-phone-columns-num=\"1\">\n\n<article class=\"post visible description-off product type-product post-59459 status-publish first instock product_cat-stylos-de-nettoyage has-post-thumbnail taxable shipping-taxable purchasable product-type-simple\">\n\n\t<figure class=\"woocom-project\">\n\t<div class=\"woo-buttons-on-img\">\n\n\t\t<a href=\"https:\/\/shop.mesomatic.ch\/fr\/produkt\/inspecter-et-nettoyer\/stylos-de-nettoyage\/ibc-1-25-2\/\" class=\"alignnone layzr-bg\"><img decoding=\"async\" width=\"400\" src=\"data:image\/svg+xml;charset=utf-8,%3Csvg xmlns%3D&#039;http%3A%2F%2Fwww.w3.org%2F2000%2Fsvg&#039; viewBox%3D&#039;0 0 400 0&#039;%2F%3E\" class=\"attachment-woocommerce_thumbnail size-woocommerce_thumbnail lazy-load preload-me\" alt=\"IBC-1.25\" data-src=\"https:\/\/shop.mesomatic.ch\/media\/IBC-1.25.jpg\" \/><\/a>\n\t<\/div>\n\t<figcaption class=\"woocom-list-content\">\n\n\t\t<div class=\"doi-col-lista\"><a class=\"be_prod_title\" href=\"https:\/\/shop.mesomatic.ch\/fr\/produkt\/inspecter-et-nettoyer\/stylos-de-nettoyage\/ibc-1-25-2\/\"><h2 class=\"woocommerce-loop-product__title\">IBC-1.25<\/h2><\/a><div class=\"product-attributes\"><span class=\"attributes\">F3000, LC, LX.5, MU<\/span><span class=\"attributes\">environ 500 nettoyages<\/span><\/div> <div class=\"descriere-scurta\"> <p>IBC Cleaner pour le nettoyage de connecteurs directement dans le panneau. Pour connecteurs de 1.25mm, PC &amp; APC LC,MU et F3000, environ 500 nettoyages.<\/p>\n<\/div><\/div> <!-- end doi-col-lista -->\t\t\t<a class=\"in_wishlist  jvm_add_to_wishlist button \" href=\"?add-to-wishlist=59459\" title=\"Add to Wishlist\" rel=\"nofollow\" data-product-title=\"IBC-1.25\" data-product-id=\"59459\" >\n\t\t\t\t\t<span class=\"jvm_add_to_wishlist_heart\"><\/span>\t\t\t\t<span class=\"jvm_add_to_wishlist_text_add\">Add to Wishlist<\/span>\n\n\t\t\t\t\n\t\t\t\t\t\t\t\t<span class=\"jvm_add_to_wishlist_text_already_in\">Already in Wishlist<\/span>\n\t\t\t\t\t\t\t\t\n\t\t\t<\/a>\n\t\t<div class=\"trei-col-lista\"><span class=\"price\"><span class=\"woocommerce-Price-amount amount\"> CHF 72.00<\/span><\/span>    <div class=\"about-tax\">Prix \u200b\u200bhors TVA<\/div>\n            <span class=\"stoc\">399 sont disponibles<\/span><\/div> <!-- end 3rd-col -->\n        \n\t<\/figcaption>\n<\/figure>\n\n<\/article>\n\n\n\n<article class=\"post visible description-off product type-product post-60168 status-publish instock product_cat-outils-de-nettoyage has-post-thumbnail taxable shipping-taxable purchasable product-type-simple\">\n\n\t<figure class=\"woocom-project\">\n\t<div class=\"woo-buttons-on-img\">\n\n\t\t<a href=\"https:\/\/shop.mesomatic.ch\/fr\/produkt\/inspecter-et-nettoyer\/outils-de-nettoyage\/cletop-2-5-2\/\" class=\"alignnone layzr-bg\"><img decoding=\"async\" width=\"400\" src=\"data:image\/svg+xml;charset=utf-8,%3Csvg xmlns%3D&#039;http%3A%2F%2Fwww.w3.org%2F2000%2Fsvg&#039; viewBox%3D&#039;0 0 400 0&#039;%2F%3E\" class=\"attachment-woocommerce_thumbnail size-woocommerce_thumbnail lazy-load preload-me\" alt=\"CLETOP 2.5\" data-src=\"https:\/\/shop.mesomatic.ch\/media\/Cletop-2.5.jpg\" \/><\/a>\n\t<\/div>\n\t<figcaption class=\"woocom-list-content\">\n\n\t\t<div class=\"doi-col-lista\"><a class=\"be_prod_title\" href=\"https:\/\/shop.mesomatic.ch\/fr\/produkt\/inspecter-et-nettoyer\/outils-de-nettoyage\/cletop-2-5-2\/\"><h2 class=\"woocommerce-loop-product__title\">CLETOP 2.5<\/h2><\/a><div class=\"product-attributes\"><span class=\"attributes\">B\u00e2tonnets de nettoyage<\/span><\/div> <div class=\"descriere-scurta\"> <p>B\u00e2tonnets de nettoyage pour 2,5 mm. Unit\u00e9 de conditionnement paquet de 5 pi\u00e8ces.<\/p>\n<\/div><\/div> <!-- end doi-col-lista -->\t\t\t<a class=\"in_wishlist  jvm_add_to_wishlist button \" href=\"?add-to-wishlist=60168\" title=\"Add to Wishlist\" rel=\"nofollow\" data-product-title=\"CLETOP 2.5\" data-product-id=\"60168\" >\n\t\t\t\t\t<span class=\"jvm_add_to_wishlist_heart\"><\/span>\t\t\t\t<span class=\"jvm_add_to_wishlist_text_add\">Add to Wishlist<\/span>\n\n\t\t\t\t\n\t\t\t\t\t\t\t\t<span class=\"jvm_add_to_wishlist_text_already_in\">Already in Wishlist<\/span>\n\t\t\t\t\t\t\t\t\n\t\t\t<\/a>\n\t\t<div class=\"trei-col-lista\"><span class=\"price\"><span class=\"woocommerce-Price-amount amount\"> CHF 8.50<\/span><\/span>    <div class=\"about-tax\">Prix \u200b\u200bhors TVA<\/div>\n            <span class=\"stoc\">2304 sont disponibles<\/span><\/div> <!-- end 3rd-col -->\n        \n\t<\/figcaption>\n<\/figure>\n\n<\/article>\n\n\n\n<article class=\"post visible description-off product type-product post-59434 status-publish instock product_cat-stylos-de-nettoyage has-post-thumbnail taxable shipping-taxable purchasable product-type-simple\">\n\n\t<figure class=\"woocom-project\">\n\t<div class=\"woo-buttons-on-img\">\n\n\t\t<a href=\"https:\/\/shop.mesomatic.ch\/fr\/produkt\/inspecter-et-nettoyer\/stylos-de-nettoyage\/ibc-zi125-2\/\" class=\"alignnone layzr-bg\"><img decoding=\"async\" width=\"400\" src=\"data:image\/svg+xml;charset=utf-8,%3Csvg xmlns%3D&#039;http%3A%2F%2Fwww.w3.org%2F2000%2Fsvg&#039; viewBox%3D&#039;0 0 400 0&#039;%2F%3E\" class=\"attachment-woocommerce_thumbnail size-woocommerce_thumbnail lazy-load preload-me\" alt=\"IBC Zi125\" data-src=\"https:\/\/shop.mesomatic.ch\/media\/IBC-Zi125.jpg\" \/><\/a>\n\t<\/div>\n\t<figcaption class=\"woocom-list-content\">\n\n\t\t<div class=\"doi-col-lista\"><a class=\"be_prod_title\" href=\"https:\/\/shop.mesomatic.ch\/fr\/produkt\/inspecter-et-nettoyer\/stylos-de-nettoyage\/ibc-zi125-2\/\"><h2 class=\"woocommerce-loop-product__title\">IBC Zi125<\/h2><\/a><div class=\"product-attributes\"><span class=\"attributes\">F3000, LC, LX.5, MU<\/span><span class=\"attributes\">environ 500 nettoyages<\/span><\/div> <div class=\"descriere-scurta\"> <p>IBC Cleaner tr\u00e8s compact pour le nettoyage directement dans le panneau. Particuli\u00e8rement adapt\u00e9 pour les petits espaces. Avec une cordelette et une pince pour fixer \u00e0 ceinture. 1.25mm pour PC et APC LC et connecteurs F3000 Pour environ 500 nettoyages.<\/p>\n<\/div><\/div> <!-- end doi-col-lista -->\t\t\t<a class=\"in_wishlist  jvm_add_to_wishlist button \" href=\"?add-to-wishlist=59434\" title=\"Add to Wishlist\" rel=\"nofollow\" data-product-title=\"IBC Zi125\" data-product-id=\"59434\" >\n\t\t\t\t\t<span class=\"jvm_add_to_wishlist_heart\"><\/span>\t\t\t\t<span class=\"jvm_add_to_wishlist_text_add\">Add to Wishlist<\/span>\n\n\t\t\t\t\n\t\t\t\t\t\t\t\t<span class=\"jvm_add_to_wishlist_text_already_in\">Already in Wishlist<\/span>\n\t\t\t\t\t\t\t\t\n\t\t\t<\/a>\n\t\t<div class=\"trei-col-lista\"><span class=\"price\"><span class=\"woocommerce-Price-amount amount\"> CHF 72.00<\/span><\/span>    <div class=\"about-tax\">Prix \u200b\u200bhors TVA<\/div>\n            <span class=\"stoc\">203 sont disponibles<\/span><\/div> <!-- end 3rd-col -->\n        \n\t<\/figcaption>\n<\/figure>\n\n<\/article>\n\n<\/div><\/div>[vc_column_text css=&#8221;.vc_custom_1596955170302{margin-top: 100px !important;margin-bottom: 30px !important;}&#8221;]<\/p>\n<h3>Nouveaut\u00e9s<\/h3>\n<p>[\/vc_column_text]<div class=\"woocommerce columns-4 \"><div class=\"wf-container dt-products  woo-hover products loading-effect-fade-in description-on-hover cart-btn-on-img hide-description wc-grid\" data-padding=\"0px\" data-cur-page=\"1\" data-desktop-columns-num=\"1\" data-v-tablet-columns-num=\"1\" data-h-tablet-columns-num=\"1\" data-phone-columns-num=\"1\">\n\n<article class=\"post visible description-off product type-product post-65429 status-publish first onbackorder product_cat-inspecter-et-nettoyer has-post-thumbnail taxable shipping-taxable purchasable product-type-simple\">\n\n\t<figure class=\"woocom-project\">\n\t<div class=\"woo-buttons-on-img\">\n\n\t\t<a href=\"https:\/\/shop.mesomatic.ch\/fr\/produkt\/inspecter-et-nettoyer\/cwdm-sfp-10g-lr\/\" class=\"alignnone layzr-bg\"><img loading=\"lazy\" decoding=\"async\" width=\"400\" height=\"300\" src=\"data:image\/svg+xml;charset=utf-8,%3Csvg xmlns%3D&#039;http%3A%2F%2Fwww.w3.org%2F2000%2Fsvg&#039; viewBox%3D&#039;0 0 400 300&#039;%2F%3E\" class=\"attachment-woocommerce_thumbnail size-woocommerce_thumbnail lazy-load preload-me\" alt=\"CWDM&nbsp;SFP+ 10G LR\" data-src=\"https:\/\/shop.mesomatic.ch\/wp-content\/uploads\/2020\/09\/SFP-400x300.png\" data-srcset=\"https:\/\/shop.mesomatic.ch\/wp-content\/uploads\/2020\/09\/SFP-400x300.png 400w, https:\/\/shop.mesomatic.ch\/wp-content\/uploads\/2020\/09\/SFP-300x225.png 300w, https:\/\/shop.mesomatic.ch\/wp-content\/uploads\/2020\/09\/SFP.png 577w\" \/><\/a>\n\t<\/div>\n\t<figcaption class=\"woocom-list-content\">\n\n\t\t<div class=\"doi-col-lista\"><a class=\"be_prod_title\" href=\"https:\/\/shop.mesomatic.ch\/fr\/produkt\/inspecter-et-nettoyer\/cwdm-sfp-10g-lr\/\"><h2 class=\"woocommerce-loop-product__title\">CWDM&nbsp;SFP+ 10G LR<\/h2><\/a><div class=\"product-attributes\"><\/div> <div class=\"descriere-scurta\"> <p>D\u00e9bit de donn\u00e9es: 10G Facteur de forme: SFP+ Type de connecteur: LC Longueur d\u2019onde: CWDM 1470nm Distance: jusqu\u2019\u00e0 10km (10dB)<\/p>\n<\/div><\/div> <!-- end doi-col-lista -->\t\t\t<a class=\" jvm_add_to_wishlist button \" href=\"?add-to-wishlist=65429\" title=\"Add to Wishlist\" rel=\"nofollow\" data-product-title=\"CWDM&nbsp;SFP+ 10G LR\" data-product-id=\"65429\" >\n\t\t\t\t\t<span class=\"jvm_add_to_wishlist_heart\"><\/span>\t\t\t\t<span class=\"jvm_add_to_wishlist_text_add\">Add to Wishlist<\/span>\n\n\t\t\t\t\n\t\t\t\t\t\t\t\t<span class=\"jvm_add_to_wishlist_text_already_in\">Already in Wishlist<\/span>\n\t\t\t\t\t\t\t\t\n\t\t\t<\/a>\n\t\t<div class=\"trei-col-lista\"><span class=\"price\"><span class=\"woocommerce-Price-amount amount\"> CHF 219.55<\/span><\/span>    <div class=\"about-tax\">Prix \u200b\u200bhors TVA<\/div>\n                <span class=\"outstoc\">Bient\u00f4t disponible<\/span> <\/div><!-- end 3rd-col -->\n            \n\t<\/figcaption>\n<\/figure>\n\n<\/article>\n\n\n\n<article class=\"post visible description-off product type-product post-65188 status-publish onbackorder product_cat-kit-dinspection-et-de-nettoyage has-post-thumbnail taxable shipping-taxable purchasable product-type-simple\">\n\n\t<figure class=\"woocom-project\">\n\t<div class=\"woo-buttons-on-img\">\n\n\t\t<a href=\"https:\/\/shop.mesomatic.ch\/fr\/produkt\/inspecter-et-nettoyer\/kit-dinspection-et-de-nettoyage\/meso-clean-pro-lite\/\" class=\"alignnone layzr-bg\"><img loading=\"lazy\" decoding=\"async\" width=\"400\" height=\"225\" src=\"data:image\/svg+xml;charset=utf-8,%3Csvg xmlns%3D&#039;http%3A%2F%2Fwww.w3.org%2F2000%2Fsvg&#039; viewBox%3D&#039;0 0 400 225&#039;%2F%3E\" class=\"attachment-woocommerce_thumbnail size-woocommerce_thumbnail lazy-load preload-me\" alt=\"Meso-Clean Pro Lite\" data-src=\"https:\/\/shop.mesomatic.ch\/wp-content\/uploads\/2025\/07\/Meso-Clean-Pro-Lite-400x225.png\" data-srcset=\"https:\/\/shop.mesomatic.ch\/wp-content\/uploads\/2025\/07\/Meso-Clean-Pro-Lite-400x225.png 400w, https:\/\/shop.mesomatic.ch\/wp-content\/uploads\/2025\/07\/Meso-Clean-Pro-Lite-300x169.png 300w, https:\/\/shop.mesomatic.ch\/wp-content\/uploads\/2025\/07\/Meso-Clean-Pro-Lite-1024x575.png 1024w, https:\/\/shop.mesomatic.ch\/wp-content\/uploads\/2025\/07\/Meso-Clean-Pro-Lite-768x432.png 768w, https:\/\/shop.mesomatic.ch\/wp-content\/uploads\/2025\/07\/Meso-Clean-Pro-Lite-1536x863.png 1536w, https:\/\/shop.mesomatic.ch\/wp-content\/uploads\/2025\/07\/Meso-Clean-Pro-Lite-2048x1151.png 2048w, https:\/\/shop.mesomatic.ch\/wp-content\/uploads\/2025\/07\/Meso-Clean-Pro-Lite-700x393.png 700w\" \/><\/a>\n\t<\/div>\n\t<figcaption class=\"woocom-list-content\">\n\n\t\t<div class=\"doi-col-lista\"><a class=\"be_prod_title\" href=\"https:\/\/shop.mesomatic.ch\/fr\/produkt\/inspecter-et-nettoyer\/kit-dinspection-et-de-nettoyage\/meso-clean-pro-lite\/\"><h2 class=\"woocommerce-loop-product__title\">Meso-Clean Pro Lite<\/h2><\/a><div class=\"product-attributes\"><span class=\"attributes\">Professionnel<\/span><span class=\"attributes\">Num\u00e9rique avec autofocus<\/span><span class=\"attributes\">Affichage int\u00e9gr\u00e9<\/span><span class=\"attributes\">E2000, FC, LC\/APC, LC\/PC, SC\/APC, SC\/PC, ST<\/span><\/div> <div class=\"descriere-scurta\"> <p>Set d&#8217;inspection de nettoyage fibre optique avec sonde FOCIS Flex Lite (sans Bluetooth, WiFi et possibilit\u00e9 de stockage) Incluant les adaptateurs suivants : &#8211; Adaptateur de panneau LC\/PC, LC\/APC, SC\/PC &amp; SC\/APC &#8211; Adaptateur universel U25\/PC, A25\/APC &amp; U125\/PC, A125\/APC pour l&#8217;inspection des cordons de brassage Contenu : &#8211; Laser \u00e0 lumi\u00e8re rouge Meso-Light &#8211;&hellip;<\/p>\n<\/div><\/div> <!-- end doi-col-lista -->\t\t\t<a class=\"in_wishlist  jvm_add_to_wishlist button \" href=\"?add-to-wishlist=65188\" title=\"Add to Wishlist\" rel=\"nofollow\" data-product-title=\"Meso-Clean Pro Lite\" data-product-id=\"65188\" >\n\t\t\t\t\t<span class=\"jvm_add_to_wishlist_heart\"><\/span>\t\t\t\t<span class=\"jvm_add_to_wishlist_text_add\">Add to Wishlist<\/span>\n\n\t\t\t\t\n\t\t\t\t\t\t\t\t<span class=\"jvm_add_to_wishlist_text_already_in\">Already in Wishlist<\/span>\n\t\t\t\t\t\t\t\t\n\t\t\t<\/a>\n\t\t<div class=\"trei-col-lista\"><span class=\"price\"><span class=\"woocommerce-Price-amount amount\"> CHF 3\u2019750.00<\/span><\/span>    <div class=\"about-tax\">Prix \u200b\u200bhors TVA<\/div>\n                <span class=\"outstoc\">Bient\u00f4t disponible<\/span> <\/div><!-- end 3rd-col -->\n            \n\t<\/figcaption>\n<\/figure>\n\n<\/article>\n\n\n\n<article class=\"post visible description-off product type-product post-65182 status-publish instock product_cat-microscopes-adaptateurs has-post-thumbnail taxable shipping-taxable purchasable product-type-simple\">\n\n\t<figure class=\"woocom-project\">\n\t<div class=\"woo-buttons-on-img\">\n\n\t\t<a href=\"https:\/\/shop.mesomatic.ch\/fr\/produkt\/inspecter-et-nettoyer\/microscopes-adaptateurs\/afl-focis-flex-lite-kit-pluslc-pc-lc-apc\/\" class=\"alignnone layzr-bg\"><img loading=\"lazy\" decoding=\"async\" width=\"400\" height=\"225\" src=\"data:image\/svg+xml;charset=utf-8,%3Csvg xmlns%3D&#039;http%3A%2F%2Fwww.w3.org%2F2000%2Fsvg&#039; viewBox%3D&#039;0 0 400 225&#039;%2F%3E\" class=\"attachment-woocommerce_thumbnail size-woocommerce_thumbnail lazy-load preload-me\" alt=\"AFL FOCIS Flex Lite Kit PlusLC\/PC &amp; LC\/APC\" data-src=\"https:\/\/shop.mesomatic.ch\/wp-content\/uploads\/2025\/07\/FOCIS-Flex-Lite-400x225.png\" data-srcset=\"https:\/\/shop.mesomatic.ch\/wp-content\/uploads\/2025\/07\/FOCIS-Flex-Lite-400x225.png 400w, https:\/\/shop.mesomatic.ch\/wp-content\/uploads\/2025\/07\/FOCIS-Flex-Lite-300x169.png 300w, https:\/\/shop.mesomatic.ch\/wp-content\/uploads\/2025\/07\/FOCIS-Flex-Lite-1024x575.png 1024w, https:\/\/shop.mesomatic.ch\/wp-content\/uploads\/2025\/07\/FOCIS-Flex-Lite-768x432.png 768w, https:\/\/shop.mesomatic.ch\/wp-content\/uploads\/2025\/07\/FOCIS-Flex-Lite-1536x863.png 1536w, https:\/\/shop.mesomatic.ch\/wp-content\/uploads\/2025\/07\/FOCIS-Flex-Lite-2048x1151.png 2048w, https:\/\/shop.mesomatic.ch\/wp-content\/uploads\/2025\/07\/FOCIS-Flex-Lite-700x393.png 700w\" \/><\/a>\n\t<\/div>\n\t<figcaption class=\"woocom-list-content\">\n\n\t\t<div class=\"doi-col-lista\"><a class=\"be_prod_title\" href=\"https:\/\/shop.mesomatic.ch\/fr\/produkt\/inspecter-et-nettoyer\/microscopes-adaptateurs\/afl-focis-flex-lite-kit-pluslc-pc-lc-apc\/\"><h2 class=\"woocommerce-loop-product__title\">AFL FOCIS Flex Lite Kit PlusLC\/PC &amp; LC\/APC<\/h2><\/a><div class=\"product-attributes\"><span class=\"attributes\">Num\u00e9rique avec autofocus<\/span><span class=\"attributes\">F3000, LC<\/span><span class=\"attributes\">APC, PC<\/span><span class=\"attributes\">C\u00e2bles Patch, Panneau<\/span><\/div> <div class=\"descriere-scurta\"> <p>FOCIS Flex rend l&#8217;inspection des connecteurs simple, rapide et pratique. D&#8217;une simple pression sur un bouton, FOCIS Flex fait automatiquement la mise au point, capture et centre l&#8217;image de la face terminale, applique des r\u00e8gles de r\u00e9ussite\/\u00e9chec, affiche l&#8217;image et les r\u00e9sultats de r\u00e9ussite\/\u00e9chec. Le FOCIS Lite est livr\u00e9\u00a0sans m\u00e9moire interne, sans Bluetooth et sans&hellip;<\/p>\n<\/div><\/div> <!-- end doi-col-lista -->\t\t\t<a class=\"in_wishlist  jvm_add_to_wishlist button \" href=\"?add-to-wishlist=65182\" title=\"Add to Wishlist\" rel=\"nofollow\" data-product-title=\"AFL FOCIS Flex Lite Kit PlusLC\/PC &amp; LC\/APC\" data-product-id=\"65182\" >\n\t\t\t\t\t<span class=\"jvm_add_to_wishlist_heart\"><\/span>\t\t\t\t<span class=\"jvm_add_to_wishlist_text_add\">Add to Wishlist<\/span>\n\n\t\t\t\t\n\t\t\t\t\t\t\t\t<span class=\"jvm_add_to_wishlist_text_already_in\">Already in Wishlist<\/span>\n\t\t\t\t\t\t\t\t\n\t\t\t<\/a>\n\t\t<div class=\"trei-col-lista\"><span class=\"price\"><span class=\"woocommerce-Price-amount amount\"> CHF 2\u2019554.60<\/span><\/span>    <div class=\"about-tax\">Prix \u200b\u200bhors TVA<\/div>\n            <span class=\"stoc\">12 sont disponibles<\/span><\/div> <!-- end 3rd-col -->\n        \n\t<\/figcaption>\n<\/figure>\n\n<\/article>\n\n<\/div><\/div>[\/vc_column][\/vc_row]<\/p>\n<\/div>","protected":false},"excerpt":{"rendered":"<p>[vc_row][vc_column css=&#8221;.vc_custom_1597665441443{border-radius: 10px !important;}&#8221;][vc_column_text el_id=&#8221;top-subcategories&#8221;] Stylos de nettoyage Cassettes de nettoyage Outils de nettoyage Kit d&#8217;inspection et de nettoyage Microscopes d&#8217;inspection et Adaptateurs [\/vc_column_text][\/vc_column][\/vc_row][vc_row el_class=&#8221;grid-look&#8221;][vc_column][vc_column_text css=&#8221;.vc_custom_1597664857554{margin-top: 50px !important;margin-bottom: 30px !important;}&#8221;] Meilleures ventes [\/vc_column_text][vc_column_text css=&#8221;.vc_custom_1596955170302{margin-top: 100px !important;margin-bottom: 30px !important;}&#8221;] Nouveaut\u00e9s [\/vc_column_text][\/vc_column][\/vc_row]<\/p>\n","protected":false},"author":12,"featured_media":0,"parent":0,"menu_order":0,"comment_status":"closed","ping_status":"closed","template":"","meta":{"footnotes":""},"class_list":["post-59044","page","type-page","status-publish","hentry","description-off"],"_links":{"self":[{"href":"https:\/\/shop.mesomatic.ch\/fr\/wp-json\/wp\/v2\/pages\/59044","targetHints":{"allow":["GET"]}}],"collection":[{"href":"https:\/\/shop.mesomatic.ch\/fr\/wp-json\/wp\/v2\/pages"}],"about":[{"href":"https:\/\/shop.mesomatic.ch\/fr\/wp-json\/wp\/v2\/types\/page"}],"author":[{"embeddable":true,"href":"https:\/\/shop.mesomatic.ch\/fr\/wp-json\/wp\/v2\/users\/12"}],"replies":[{"embeddable":true,"href":"https:\/\/shop.mesomatic.ch\/fr\/wp-json\/wp\/v2\/comments?post=59044"}],"version-history":[{"count":21,"href":"https:\/\/shop.mesomatic.ch\/fr\/wp-json\/wp\/v2\/pages\/59044\/revisions"}],"predecessor-version":[{"id":62594,"href":"https:\/\/shop.mesomatic.ch\/fr\/wp-json\/wp\/v2\/pages\/59044\/revisions\/62594"}],"wp:attachment":[{"href":"https:\/\/shop.mesomatic.ch\/fr\/wp-json\/wp\/v2\/media?parent=59044"}],"curies":[{"name":"wp","href":"https:\/\/api.w.org\/{rel}","templated":true}]}}