{"id":62574,"date":"2021-11-02T09:15:54","date_gmt":"2021-11-02T08:15:54","guid":{"rendered":"https:\/\/shop.mesomatic.ch\/polieren\/"},"modified":"2021-11-03T11:26:21","modified_gmt":"2021-11-03T10:26:21","slug":"polissage","status":"publish","type":"page","link":"https:\/\/shop.mesomatic.ch\/fr\/polissage\/","title":{"rendered":"Polissage"},"content":{"rendered":"<div class=\"wpb-content-wrapper\"><p>[vc_row][vc_column css=&#8221;.vc_custom_1597665441443{border-radius: 10px !important;}&#8221;][vc_column_text el_id=&#8221;top-subcategories&#8221;]<\/p>\n<ul>\n<li><a href=\"https:\/fr\/categorie-produit\/polissage\/films-de-polissage\/\">Films de polissage<\/a><\/li>\n<li><a href=\"https:\/fr\/categorie-produit\/polissage\/pads-de-polissage\/\">Pads de polissage<\/a><\/li>\n<li><a href=\"https:\/fr\/categorie-produit\/polissage\/accessoires\/\">Accessoires<\/a><\/li>\n<\/ul>\n<p>[\/vc_column_text][\/vc_column][\/vc_row]<\/p><p>[vc_row el_class=&#8221;grid-look&#8221;][vc_column][vc_column_text css=&#8221;.vc_custom_1597664857554{margin-top: 50px !important;margin-bottom: 30px !important;}&#8221;]<\/p>\n<h3>Meilleures ventes<\/h3>\n<p>[\/vc_column_text]<div class=\"woocommerce columns-4 \"><div class=\"wf-container dt-products  woo-hover products loading-effect-fade-in description-on-hover cart-btn-on-img hide-description wc-grid\" data-padding=\"0px\" data-cur-page=\"1\" data-desktop-columns-num=\"1\" data-v-tablet-columns-num=\"1\" data-h-tablet-columns-num=\"1\" data-phone-columns-num=\"1\">\n\n<article class=\"post visible description-off product type-product post-60172 status-publish first instock product_cat-cassettes-de-nettoyage has-post-thumbnail taxable shipping-taxable purchasable product-type-simple\">\n\n\t<figure class=\"woocom-project\">\n\t<div class=\"woo-buttons-on-img\">\n\n\t\t<a href=\"https:\/\/shop.mesomatic.ch\/fr\/produkt\/inspecter-et-nettoyer\/cassettes-de-nettoyage\/cassette-de-remplacement-pour-cletop-s\/\" class=\"alignnone layzr-bg\"><img decoding=\"async\" width=\"400\" src=\"data:image\/svg+xml;charset=utf-8,%3Csvg xmlns%3D&#039;http%3A%2F%2Fwww.w3.org%2F2000%2Fsvg&#039; viewBox%3D&#039;0 0 400 0&#039;%2F%3E\" class=\"attachment-woocommerce_thumbnail size-woocommerce_thumbnail lazy-load preload-me\" alt=\"Cassette de remplacement pour Cletop-S\" data-src=\"https:\/\/shop.mesomatic.ch\/media\/Cletop-S-Ersatzkassette.jpg\" \/><\/a>\n\t<\/div>\n\t<figcaption class=\"woocom-list-content\">\n\n\t\t<div class=\"doi-col-lista\"><a class=\"be_prod_title\" href=\"https:\/\/shop.mesomatic.ch\/fr\/produkt\/inspecter-et-nettoyer\/cassettes-de-nettoyage\/cassette-de-remplacement-pour-cletop-s\/\"><h2 class=\"woocommerce-loop-product__title\">Cassette de remplacement pour Cletop-S<\/h2><\/a><div class=\"product-attributes\"><span class=\"attributes\">Duplex, Simplex<\/span><\/div> <div class=\"descriere-scurta\"> <p>Cassette de rechange pour Cletop-S. Jusqu&#8217;\u00e0 400 nettoyages par cassette rempla\u00e7able. La cassette peut \u00eatre remplac\u00e9e en quelques \u00e9tapes simples.<\/p>\n<\/div><\/div> <!-- end doi-col-lista -->\t\t\t<a class=\"in_wishlist  jvm_add_to_wishlist button \" href=\"?add-to-wishlist=60172\" title=\"Add to Wishlist\" rel=\"nofollow\" data-product-title=\"Cassette de remplacement pour Cletop-S\" data-product-id=\"60172\" >\n\t\t\t\t\t<span class=\"jvm_add_to_wishlist_heart\"><\/span>\t\t\t\t<span class=\"jvm_add_to_wishlist_text_add\">Add to Wishlist<\/span>\n\n\t\t\t\t\n\t\t\t\t\t\t\t\t<span class=\"jvm_add_to_wishlist_text_already_in\">Already in Wishlist<\/span>\n\t\t\t\t\t\t\t\t\n\t\t\t<\/a>\n\t\t<div class=\"trei-col-lista\"><span class=\"price\"><span class=\"woocommerce-Price-amount amount\"> CHF 39.00<\/span><\/span>    <div class=\"about-tax\">Prix \u200b\u200bhors TVA<\/div>\n            <span class=\"stoc\">421 sont disponibles<\/span><\/div> <!-- end 3rd-col -->\n        \n\t<\/figcaption>\n<\/figure>\n\n<\/article>\n\n\n\n<article class=\"post visible description-off product type-product post-60195 status-publish instock product_cat-cassettes-de-nettoyage has-post-thumbnail taxable shipping-taxable purchasable product-type-simple\">\n\n\t<figure class=\"woocom-project\">\n\t<div class=\"woo-buttons-on-img\">\n\n\t\t<a href=\"https:\/\/shop.mesomatic.ch\/fr\/produkt\/inspecter-et-nettoyer\/cassettes-de-nettoyage\/cletop-remplacement-de-la-bobine\/\" class=\"alignnone layzr-bg\"><img decoding=\"async\" width=\"400\" src=\"data:image\/svg+xml;charset=utf-8,%3Csvg xmlns%3D&#039;http%3A%2F%2Fwww.w3.org%2F2000%2Fsvg&#039; viewBox%3D&#039;0 0 400 0&#039;%2F%3E\" class=\"attachment-woocommerce_thumbnail size-woocommerce_thumbnail lazy-load preload-me\" alt=\"CLETOP-Replacement Reel\" data-src=\"https:\/\/shop.mesomatic.ch\/media\/Cletop-Ersatzrollen-altes-Modell.jpg\" \/><\/a>\n\t<\/div>\n\t<figcaption class=\"woocom-list-content\">\n\n\t\t<div class=\"doi-col-lista\"><a class=\"be_prod_title\" href=\"https:\/\/shop.mesomatic.ch\/fr\/produkt\/inspecter-et-nettoyer\/cassettes-de-nettoyage\/cletop-remplacement-de-la-bobine\/\"><h2 class=\"woocommerce-loop-product__title\">CLETOP-Replacement Reel<\/h2><\/a><div class=\"product-attributes\"><span class=\"attributes\">Duplex, Simplex<\/span><\/div> <div class=\"descriere-scurta\"> <p>Rouleau de remplacement pour cassette Cletop (ancien mod\u00e8le)<\/p>\n<\/div><\/div> <!-- end doi-col-lista -->\t\t\t<a class=\"in_wishlist  jvm_add_to_wishlist button \" href=\"?add-to-wishlist=60195\" title=\"Add to Wishlist\" rel=\"nofollow\" data-product-title=\"CLETOP-Replacement Reel\" data-product-id=\"60195\" >\n\t\t\t\t\t<span class=\"jvm_add_to_wishlist_heart\"><\/span>\t\t\t\t<span class=\"jvm_add_to_wishlist_text_add\">Add to Wishlist<\/span>\n\n\t\t\t\t\n\t\t\t\t\t\t\t\t<span class=\"jvm_add_to_wishlist_text_already_in\">Already in Wishlist<\/span>\n\t\t\t\t\t\t\t\t\n\t\t\t<\/a>\n\t\t<div class=\"trei-col-lista\"><span class=\"price\"><span class=\"woocommerce-Price-amount amount\"> CHF 39.00<\/span><\/span>    <div class=\"about-tax\">Prix \u200b\u200bhors TVA<\/div>\n            <span class=\"stoc\">76 sont disponibles<\/span><\/div> <!-- end 3rd-col -->\n        \n\t<\/figcaption>\n<\/figure>\n\n<\/article>\n\n\n\n<article class=\"post visible description-off product type-product post-59438 status-publish instock product_cat-cassettes-de-nettoyage has-post-thumbnail taxable shipping-taxable purchasable product-type-simple\">\n\n\t<figure class=\"woocom-project\">\n\t<div class=\"woo-buttons-on-img\">\n\n\t\t<a href=\"https:\/\/shop.mesomatic.ch\/fr\/produkt\/inspecter-et-nettoyer\/cassettes-de-nettoyage\/ec400-2\/\" class=\"alignnone layzr-bg\"><img decoding=\"async\" width=\"400\" src=\"data:image\/svg+xml;charset=utf-8,%3Csvg xmlns%3D&#039;http%3A%2F%2Fwww.w3.org%2F2000%2Fsvg&#039; viewBox%3D&#039;0 0 400 0&#039;%2F%3E\" class=\"attachment-woocommerce_thumbnail size-woocommerce_thumbnail lazy-load preload-me\" alt=\"EC400\" data-src=\"https:\/\/shop.mesomatic.ch\/media\/EC400-Ersatzrollen.jpg\" \/><\/a>\n\t<\/div>\n\t<figcaption class=\"woocom-list-content\">\n\n\t\t<div class=\"doi-col-lista\"><a class=\"be_prod_title\" href=\"https:\/\/shop.mesomatic.ch\/fr\/produkt\/inspecter-et-nettoyer\/cassettes-de-nettoyage\/ec400-2\/\"><h2 class=\"woocommerce-loop-product__title\">EC400<\/h2><\/a><div class=\"product-attributes\"><span class=\"attributes\">Duplex, MPO Femelle, MPO Male, Simplex<\/span><\/div> <div class=\"descriere-scurta\"> <p>Recharge pour RealCleaner (Optipop.) Pour 400 cycles de nettoyage.<\/p>\n<\/div><\/div> <!-- end doi-col-lista -->\t\t\t<a class=\"in_wishlist  jvm_add_to_wishlist button \" href=\"?add-to-wishlist=59438\" title=\"Add to Wishlist\" rel=\"nofollow\" data-product-title=\"EC400\" data-product-id=\"59438\" >\n\t\t\t\t\t<span class=\"jvm_add_to_wishlist_heart\"><\/span>\t\t\t\t<span class=\"jvm_add_to_wishlist_text_add\">Add to Wishlist<\/span>\n\n\t\t\t\t\n\t\t\t\t\t\t\t\t<span class=\"jvm_add_to_wishlist_text_already_in\">Already in Wishlist<\/span>\n\t\t\t\t\t\t\t\t\n\t\t\t<\/a>\n\t\t<div class=\"trei-col-lista\"><span class=\"price\"><span class=\"woocommerce-Price-amount amount\"> CHF 39.00<\/span><\/span>    <div class=\"about-tax\">Prix \u200b\u200bhors TVA<\/div>\n            <span class=\"stoc\">92 sont disponibles<\/span><\/div> <!-- end 3rd-col -->\n        \n\t<\/figcaption>\n<\/figure>\n\n<\/article>\n\n<\/div><\/div>[vc_column_text css=&#8221;.vc_custom_1596955170302{margin-top: 100px !important;margin-bottom: 30px !important;}&#8221;]<\/p>\n<h3>Nouveaut\u00e9s<\/h3>\n<p>[\/vc_column_text]<div class=\"woocommerce columns-4 \"><div class=\"wf-container dt-products  woo-hover products loading-effect-fade-in description-on-hover cart-btn-on-img hide-description wc-grid\" data-padding=\"0px\" data-cur-page=\"1\" data-desktop-columns-num=\"1\" data-v-tablet-columns-num=\"1\" data-h-tablet-columns-num=\"1\" data-phone-columns-num=\"1\">\n\n<article class=\"post visible description-off product type-product post-60195 status-publish first instock product_cat-cassettes-de-nettoyage has-post-thumbnail taxable shipping-taxable purchasable product-type-simple\">\n\n\t<figure class=\"woocom-project\">\n\t<div class=\"woo-buttons-on-img\">\n\n\t\t<a href=\"https:\/\/shop.mesomatic.ch\/fr\/produkt\/inspecter-et-nettoyer\/cassettes-de-nettoyage\/cletop-remplacement-de-la-bobine\/\" class=\"alignnone layzr-bg\"><img decoding=\"async\" width=\"400\" src=\"data:image\/svg+xml;charset=utf-8,%3Csvg xmlns%3D&#039;http%3A%2F%2Fwww.w3.org%2F2000%2Fsvg&#039; viewBox%3D&#039;0 0 400 0&#039;%2F%3E\" class=\"attachment-woocommerce_thumbnail size-woocommerce_thumbnail lazy-load preload-me\" alt=\"CLETOP-Replacement Reel\" data-src=\"https:\/\/shop.mesomatic.ch\/media\/Cletop-Ersatzrollen-altes-Modell.jpg\" \/><\/a>\n\t<\/div>\n\t<figcaption class=\"woocom-list-content\">\n\n\t\t<div class=\"doi-col-lista\"><a class=\"be_prod_title\" href=\"https:\/\/shop.mesomatic.ch\/fr\/produkt\/inspecter-et-nettoyer\/cassettes-de-nettoyage\/cletop-remplacement-de-la-bobine\/\"><h2 class=\"woocommerce-loop-product__title\">CLETOP-Replacement Reel<\/h2><\/a><div class=\"product-attributes\"><span class=\"attributes\">Duplex, Simplex<\/span><\/div> <div class=\"descriere-scurta\"> <p>Rouleau de remplacement pour cassette Cletop (ancien mod\u00e8le)<\/p>\n<\/div><\/div> <!-- end doi-col-lista -->\t\t\t<a class=\"in_wishlist  jvm_add_to_wishlist button \" href=\"?add-to-wishlist=60195\" title=\"Add to Wishlist\" rel=\"nofollow\" data-product-title=\"CLETOP-Replacement Reel\" data-product-id=\"60195\" >\n\t\t\t\t\t<span class=\"jvm_add_to_wishlist_heart\"><\/span>\t\t\t\t<span class=\"jvm_add_to_wishlist_text_add\">Add to Wishlist<\/span>\n\n\t\t\t\t\n\t\t\t\t\t\t\t\t<span class=\"jvm_add_to_wishlist_text_already_in\">Already in Wishlist<\/span>\n\t\t\t\t\t\t\t\t\n\t\t\t<\/a>\n\t\t<div class=\"trei-col-lista\"><span class=\"price\"><span class=\"woocommerce-Price-amount amount\"> CHF 39.00<\/span><\/span>    <div class=\"about-tax\">Prix \u200b\u200bhors TVA<\/div>\n            <span class=\"stoc\">76 sont disponibles<\/span><\/div> <!-- end 3rd-col -->\n        \n\t<\/figcaption>\n<\/figure>\n\n<\/article>\n\n\n\n<article class=\"post visible description-off product type-product post-60321 status-publish instock product_cat-cassettes-de-nettoyage has-post-thumbnail taxable shipping-taxable purchasable product-type-simple\">\n\n\t<figure class=\"woocom-project\">\n\t<div class=\"woo-buttons-on-img\">\n\n\t\t<a href=\"https:\/\/shop.mesomatic.ch\/fr\/produkt\/inspecter-et-nettoyer\/cassettes-de-nettoyage\/cassette-de-nettoyage-a-sec-cletop-s-type-b\/\" class=\"alignnone layzr-bg\"><img decoding=\"async\" width=\"400\" src=\"data:image\/svg+xml;charset=utf-8,%3Csvg xmlns%3D&#039;http%3A%2F%2Fwww.w3.org%2F2000%2Fsvg&#039; viewBox%3D&#039;0 0 400 0&#039;%2F%3E\" class=\"attachment-woocommerce_thumbnail size-woocommerce_thumbnail lazy-load preload-me\" alt=\"Cassette de nettoyage &agrave; sec Cletop-S type B\" data-src=\"https:\/\/shop.mesomatic.ch\/media\/Cletop-S-Reinigungskassette.jpg\" \/><\/a>\n\t<\/div>\n\t<figcaption class=\"woocom-list-content\">\n\n\t\t<div class=\"doi-col-lista\"><a class=\"be_prod_title\" href=\"https:\/\/shop.mesomatic.ch\/fr\/produkt\/inspecter-et-nettoyer\/cassettes-de-nettoyage\/cassette-de-nettoyage-a-sec-cletop-s-type-b\/\"><h2 class=\"woocommerce-loop-product__title\">Cassette de nettoyage &agrave; sec Cletop-S type B<\/h2><\/a><div class=\"product-attributes\"><span class=\"attributes\">Duplex, Simplex<\/span><\/div> <div class=\"descriere-scurta\"> <p>Jusqu&#8217;\u00e0 400 nettoyages par cassette \u00e9changeable. La cassette peut \u00eatre remplac\u00e9e en quelques \u00e9tapes simples. Pour tous les types de connecteurs (Simplex) et LC, MU Duplex.<\/p>\n<\/div><\/div> <!-- end doi-col-lista -->\t\t\t<a class=\"in_wishlist  jvm_add_to_wishlist button \" href=\"?add-to-wishlist=60321\" title=\"Add to Wishlist\" rel=\"nofollow\" data-product-title=\"Cassette de nettoyage &agrave; sec Cletop-S type B\" data-product-id=\"60321\" >\n\t\t\t\t\t<span class=\"jvm_add_to_wishlist_heart\"><\/span>\t\t\t\t<span class=\"jvm_add_to_wishlist_text_add\">Add to Wishlist<\/span>\n\n\t\t\t\t\n\t\t\t\t\t\t\t\t<span class=\"jvm_add_to_wishlist_text_already_in\">Already in Wishlist<\/span>\n\t\t\t\t\t\t\t\t\n\t\t\t<\/a>\n\t\t<div class=\"trei-col-lista\"><span class=\"price\"><span class=\"woocommerce-Price-amount amount\"> CHF 126.00<\/span><\/span>    <div class=\"about-tax\">Prix \u200b\u200bhors TVA<\/div>\n            <span class=\"stoc\">387 sont disponibles<\/span><\/div> <!-- end 3rd-col -->\n        \n\t<\/figcaption>\n<\/figure>\n\n<\/article>\n\n\n\n<article class=\"post visible description-off product type-product post-60172 status-publish instock product_cat-cassettes-de-nettoyage has-post-thumbnail taxable shipping-taxable purchasable product-type-simple\">\n\n\t<figure class=\"woocom-project\">\n\t<div class=\"woo-buttons-on-img\">\n\n\t\t<a href=\"https:\/\/shop.mesomatic.ch\/fr\/produkt\/inspecter-et-nettoyer\/cassettes-de-nettoyage\/cassette-de-remplacement-pour-cletop-s\/\" class=\"alignnone layzr-bg\"><img decoding=\"async\" width=\"400\" src=\"data:image\/svg+xml;charset=utf-8,%3Csvg xmlns%3D&#039;http%3A%2F%2Fwww.w3.org%2F2000%2Fsvg&#039; viewBox%3D&#039;0 0 400 0&#039;%2F%3E\" class=\"attachment-woocommerce_thumbnail size-woocommerce_thumbnail lazy-load preload-me\" alt=\"Cassette de remplacement pour Cletop-S\" data-src=\"https:\/\/shop.mesomatic.ch\/media\/Cletop-S-Ersatzkassette.jpg\" \/><\/a>\n\t<\/div>\n\t<figcaption class=\"woocom-list-content\">\n\n\t\t<div class=\"doi-col-lista\"><a class=\"be_prod_title\" href=\"https:\/\/shop.mesomatic.ch\/fr\/produkt\/inspecter-et-nettoyer\/cassettes-de-nettoyage\/cassette-de-remplacement-pour-cletop-s\/\"><h2 class=\"woocommerce-loop-product__title\">Cassette de remplacement pour Cletop-S<\/h2><\/a><div class=\"product-attributes\"><span class=\"attributes\">Duplex, Simplex<\/span><\/div> <div class=\"descriere-scurta\"> <p>Cassette de rechange pour Cletop-S. Jusqu&#8217;\u00e0 400 nettoyages par cassette rempla\u00e7able. La cassette peut \u00eatre remplac\u00e9e en quelques \u00e9tapes simples.<\/p>\n<\/div><\/div> <!-- end doi-col-lista -->\t\t\t<a class=\"in_wishlist  jvm_add_to_wishlist button \" href=\"?add-to-wishlist=60172\" title=\"Add to Wishlist\" rel=\"nofollow\" data-product-title=\"Cassette de remplacement pour Cletop-S\" data-product-id=\"60172\" >\n\t\t\t\t\t<span class=\"jvm_add_to_wishlist_heart\"><\/span>\t\t\t\t<span class=\"jvm_add_to_wishlist_text_add\">Add to Wishlist<\/span>\n\n\t\t\t\t\n\t\t\t\t\t\t\t\t<span class=\"jvm_add_to_wishlist_text_already_in\">Already in Wishlist<\/span>\n\t\t\t\t\t\t\t\t\n\t\t\t<\/a>\n\t\t<div class=\"trei-col-lista\"><span class=\"price\"><span class=\"woocommerce-Price-amount amount\"> CHF 39.00<\/span><\/span>    <div class=\"about-tax\">Prix \u200b\u200bhors TVA<\/div>\n            <span class=\"stoc\">421 sont disponibles<\/span><\/div> <!-- end 3rd-col -->\n        \n\t<\/figcaption>\n<\/figure>\n\n<\/article>\n\n\n\n<article class=\"post visible description-off product type-product post-59449 status-publish last instock product_cat-cassettes-de-nettoyage has-post-thumbnail taxable shipping-taxable purchasable product-type-simple\">\n\n\t<figure class=\"woocom-project\">\n\t<div class=\"woo-buttons-on-img\">\n\n\t\t<a href=\"https:\/\/shop.mesomatic.ch\/fr\/produkt\/inspecter-et-nettoyer\/cassettes-de-nettoyage\/rc400ts-2\/\" class=\"alignnone layzr-bg\"><img decoding=\"async\" width=\"400\" src=\"data:image\/svg+xml;charset=utf-8,%3Csvg xmlns%3D&#039;http%3A%2F%2Fwww.w3.org%2F2000%2Fsvg&#039; viewBox%3D&#039;0 0 400 0&#039;%2F%3E\" class=\"attachment-woocommerce_thumbnail size-woocommerce_thumbnail lazy-load preload-me\" alt=\"RC400TS\" data-src=\"https:\/\/shop.mesomatic.ch\/media\/RC400TS.jpg\" \/><\/a>\n\t<\/div>\n\t<figcaption class=\"woocom-list-content\">\n\n\t\t<div class=\"doi-col-lista\"><a class=\"be_prod_title\" href=\"https:\/\/shop.mesomatic.ch\/fr\/produkt\/inspecter-et-nettoyer\/cassettes-de-nettoyage\/rc400ts-2\/\"><h2 class=\"woocommerce-loop-product__title\">RC400TS<\/h2><\/a><div class=\"product-attributes\"><span class=\"attributes\">Duplex, Simplex<\/span><\/div> <div class=\"descriere-scurta\"> <p>Cassette de nettoyage \u00e0 sec RealCleaner (Optipop.) Jusqu\u2019\u00e0 400 nettoyages par cassette rempla\u00e7able. La cassette peut \u00eatre remplac\u00e9e en quelques \u00e9tapes simples. Pour tous les types de connecteurs (simplex et duplex.)<\/p>\n<\/div><\/div> <!-- end doi-col-lista -->\t\t\t<a class=\"in_wishlist  jvm_add_to_wishlist button \" href=\"?add-to-wishlist=59449\" title=\"Add to Wishlist\" rel=\"nofollow\" data-product-title=\"RC400TS\" data-product-id=\"59449\" >\n\t\t\t\t\t<span class=\"jvm_add_to_wishlist_heart\"><\/span>\t\t\t\t<span class=\"jvm_add_to_wishlist_text_add\">Add to Wishlist<\/span>\n\n\t\t\t\t\n\t\t\t\t\t\t\t\t<span class=\"jvm_add_to_wishlist_text_already_in\">Already in Wishlist<\/span>\n\t\t\t\t\t\t\t\t\n\t\t\t<\/a>\n\t\t<div class=\"trei-col-lista\"><span class=\"price\"><span class=\"woocommerce-Price-amount amount\"> CHF 126.00<\/span><\/span>    <div class=\"about-tax\">Prix \u200b\u200bhors TVA<\/div>\n            <span class=\"stoc\">2 sont disponibles<\/span><\/div> <!-- end 3rd-col -->\n        \n\t<\/figcaption>\n<\/figure>\n\n<\/article>\n\n\n\n<article class=\"post visible description-off product type-product post-59447 status-publish first instock product_cat-cassettes-de-nettoyage has-post-thumbnail taxable shipping-taxable purchasable product-type-simple\">\n\n\t<figure class=\"woocom-project\">\n\t<div class=\"woo-buttons-on-img\">\n\n\t\t<a href=\"https:\/\/shop.mesomatic.ch\/fr\/produkt\/inspecter-et-nettoyer\/cassettes-de-nettoyage\/rc400mt-2\/\" class=\"alignnone layzr-bg\"><img decoding=\"async\" width=\"400\" src=\"data:image\/svg+xml;charset=utf-8,%3Csvg xmlns%3D&#039;http%3A%2F%2Fwww.w3.org%2F2000%2Fsvg&#039; viewBox%3D&#039;0 0 400 0&#039;%2F%3E\" class=\"attachment-woocommerce_thumbnail size-woocommerce_thumbnail lazy-load preload-me\" alt=\"RC400MT\" data-src=\"https:\/\/shop.mesomatic.ch\/media\/RC400MT.jpg\" \/><\/a>\n\t<\/div>\n\t<figcaption class=\"woocom-list-content\">\n\n\t\t<div class=\"doi-col-lista\"><a class=\"be_prod_title\" href=\"https:\/\/shop.mesomatic.ch\/fr\/produkt\/inspecter-et-nettoyer\/cassettes-de-nettoyage\/rc400mt-2\/\"><h2 class=\"woocommerce-loop-product__title\">RC400MT<\/h2><\/a><div class=\"product-attributes\"><span class=\"attributes\">MPO Male<\/span><\/div> <div class=\"descriere-scurta\"> <p>Cassette de nettoyage \u00e0 sec RC400MT RealCleaner (Optipop.) Jusqu\u2019\u00e0 400 nettoyages par cassette rempla\u00e7able. La cassette peut \u00eatre remplac\u00e9e en quelques \u00e9tapes simples. Version avec guides pour fiches MT (m\u00e2les.)<\/p>\n<\/div><\/div> <!-- end doi-col-lista -->\t\t\t<a class=\"in_wishlist  jvm_add_to_wishlist button \" href=\"?add-to-wishlist=59447\" title=\"Add to Wishlist\" rel=\"nofollow\" data-product-title=\"RC400MT\" data-product-id=\"59447\" >\n\t\t\t\t\t<span class=\"jvm_add_to_wishlist_heart\"><\/span>\t\t\t\t<span class=\"jvm_add_to_wishlist_text_add\">Add to Wishlist<\/span>\n\n\t\t\t\t\n\t\t\t\t\t\t\t\t<span class=\"jvm_add_to_wishlist_text_already_in\">Already in Wishlist<\/span>\n\t\t\t\t\t\t\t\t\n\t\t\t<\/a>\n\t\t<div class=\"trei-col-lista\"><span class=\"price\"><span class=\"woocommerce-Price-amount amount\"> CHF 126.00<\/span><\/span>    <div class=\"about-tax\">Prix \u200b\u200bhors TVA<\/div>\n            <span class=\"stoc\">19 sont disponibles<\/span><\/div> <!-- end 3rd-col -->\n        \n\t<\/figcaption>\n<\/figure>\n\n<\/article>\n\n\n\n<article class=\"post visible description-off product type-product post-59445 status-publish instock product_cat-cassettes-de-nettoyage has-post-thumbnail taxable shipping-taxable purchasable product-type-simple\">\n\n\t<figure class=\"woocom-project\">\n\t<div class=\"woo-buttons-on-img\">\n\n\t\t<a href=\"https:\/\/shop.mesomatic.ch\/fr\/produkt\/inspecter-et-nettoyer\/cassettes-de-nettoyage\/rc400-2\/\" class=\"alignnone layzr-bg\"><img decoding=\"async\" width=\"400\" src=\"data:image\/svg+xml;charset=utf-8,%3Csvg xmlns%3D&#039;http%3A%2F%2Fwww.w3.org%2F2000%2Fsvg&#039; viewBox%3D&#039;0 0 400 0&#039;%2F%3E\" class=\"attachment-woocommerce_thumbnail size-woocommerce_thumbnail lazy-load preload-me\" alt=\"RC400\" data-src=\"https:\/\/shop.mesomatic.ch\/media\/RC400.jpg\" \/><\/a>\n\t<\/div>\n\t<figcaption class=\"woocom-list-content\">\n\n\t\t<div class=\"doi-col-lista\"><a class=\"be_prod_title\" href=\"https:\/\/shop.mesomatic.ch\/fr\/produkt\/inspecter-et-nettoyer\/cassettes-de-nettoyage\/rc400-2\/\"><h2 class=\"woocommerce-loop-product__title\">RC400<\/h2><\/a><div class=\"product-attributes\"><span class=\"attributes\">Duplex, MPO Femelle, Simplex<\/span><\/div> <div class=\"descriere-scurta\"> <p>Cassette de nettoyage \u00e0 sec (Real OPTIPOP.) Jusqu\u2019\u00e0 400 nettoyages par cassette rempla\u00e7able. La cassette peut \u00eatre remplac\u00e9e en quelques \u00e9tapes simples. Pour tous les types de connecteurs (simplex et duplex.)<\/p>\n<\/div><\/div> <!-- end doi-col-lista -->\t\t\t<a class=\"in_wishlist  jvm_add_to_wishlist button \" href=\"?add-to-wishlist=59445\" title=\"Add to Wishlist\" rel=\"nofollow\" data-product-title=\"RC400\" data-product-id=\"59445\" >\n\t\t\t\t\t<span class=\"jvm_add_to_wishlist_heart\"><\/span>\t\t\t\t<span class=\"jvm_add_to_wishlist_text_add\">Add to Wishlist<\/span>\n\n\t\t\t\t\n\t\t\t\t\t\t\t\t<span class=\"jvm_add_to_wishlist_text_already_in\">Already in Wishlist<\/span>\n\t\t\t\t\t\t\t\t\n\t\t\t<\/a>\n\t\t<div class=\"trei-col-lista\"><span class=\"price\"><span class=\"woocommerce-Price-amount amount\"> CHF 126.00<\/span><\/span>    <div class=\"about-tax\">Prix \u200b\u200bhors TVA<\/div>\n            <span class=\"stoc\">11 sont disponibles<\/span><\/div> <!-- end 3rd-col -->\n        \n\t<\/figcaption>\n<\/figure>\n\n<\/article>\n\n\n\n<article class=\"post visible description-off product type-product post-59438 status-publish instock product_cat-cassettes-de-nettoyage has-post-thumbnail taxable shipping-taxable purchasable product-type-simple\">\n\n\t<figure class=\"woocom-project\">\n\t<div class=\"woo-buttons-on-img\">\n\n\t\t<a href=\"https:\/\/shop.mesomatic.ch\/fr\/produkt\/inspecter-et-nettoyer\/cassettes-de-nettoyage\/ec400-2\/\" class=\"alignnone layzr-bg\"><img decoding=\"async\" width=\"400\" src=\"data:image\/svg+xml;charset=utf-8,%3Csvg xmlns%3D&#039;http%3A%2F%2Fwww.w3.org%2F2000%2Fsvg&#039; viewBox%3D&#039;0 0 400 0&#039;%2F%3E\" class=\"attachment-woocommerce_thumbnail size-woocommerce_thumbnail lazy-load preload-me\" alt=\"EC400\" data-src=\"https:\/\/shop.mesomatic.ch\/media\/EC400-Ersatzrollen.jpg\" \/><\/a>\n\t<\/div>\n\t<figcaption class=\"woocom-list-content\">\n\n\t\t<div class=\"doi-col-lista\"><a class=\"be_prod_title\" href=\"https:\/\/shop.mesomatic.ch\/fr\/produkt\/inspecter-et-nettoyer\/cassettes-de-nettoyage\/ec400-2\/\"><h2 class=\"woocommerce-loop-product__title\">EC400<\/h2><\/a><div class=\"product-attributes\"><span class=\"attributes\">Duplex, MPO Femelle, MPO Male, Simplex<\/span><\/div> <div class=\"descriere-scurta\"> <p>Recharge pour RealCleaner (Optipop.) Pour 400 cycles de nettoyage.<\/p>\n<\/div><\/div> <!-- end doi-col-lista -->\t\t\t<a class=\"in_wishlist  jvm_add_to_wishlist button \" href=\"?add-to-wishlist=59438\" title=\"Add to Wishlist\" rel=\"nofollow\" data-product-title=\"EC400\" data-product-id=\"59438\" >\n\t\t\t\t\t<span class=\"jvm_add_to_wishlist_heart\"><\/span>\t\t\t\t<span class=\"jvm_add_to_wishlist_text_add\">Add to Wishlist<\/span>\n\n\t\t\t\t\n\t\t\t\t\t\t\t\t<span class=\"jvm_add_to_wishlist_text_already_in\">Already in Wishlist<\/span>\n\t\t\t\t\t\t\t\t\n\t\t\t<\/a>\n\t\t<div class=\"trei-col-lista\"><span class=\"price\"><span class=\"woocommerce-Price-amount amount\"> CHF 39.00<\/span><\/span>    <div class=\"about-tax\">Prix \u200b\u200bhors TVA<\/div>\n            <span class=\"stoc\">92 sont disponibles<\/span><\/div> <!-- end 3rd-col -->\n        \n\t<\/figcaption>\n<\/figure>\n\n<\/article>\n\n<\/div><\/div>[\/vc_column][\/vc_row]<\/p>&#013;\r\n<p>\u00a0<\/p>&#013;<\/div>","protected":false},"excerpt":{"rendered":"<p>&#013; \u00a0 &#013;<\/p>\n","protected":false},"author":66,"featured_media":0,"parent":0,"menu_order":0,"comment_status":"closed","ping_status":"closed","template":"","meta":{"footnotes":""},"class_list":["post-62574","page","type-page","status-publish","hentry","description-off"],"_links":{"self":[{"href":"https:\/\/shop.mesomatic.ch\/fr\/wp-json\/wp\/v2\/pages\/62574","targetHints":{"allow":["GET"]}}],"collection":[{"href":"https:\/\/shop.mesomatic.ch\/fr\/wp-json\/wp\/v2\/pages"}],"about":[{"href":"https:\/\/shop.mesomatic.ch\/fr\/wp-json\/wp\/v2\/types\/page"}],"author":[{"embeddable":true,"href":"https:\/\/shop.mesomatic.ch\/fr\/wp-json\/wp\/v2\/users\/66"}],"replies":[{"embeddable":true,"href":"https:\/\/shop.mesomatic.ch\/fr\/wp-json\/wp\/v2\/comments?post=62574"}],"version-history":[{"count":6,"href":"https:\/\/shop.mesomatic.ch\/fr\/wp-json\/wp\/v2\/pages\/62574\/revisions"}],"predecessor-version":[{"id":62607,"href":"https:\/\/shop.mesomatic.ch\/fr\/wp-json\/wp\/v2\/pages\/62574\/revisions\/62607"}],"wp:attachment":[{"href":"https:\/\/shop.mesomatic.ch\/fr\/wp-json\/wp\/v2\/media?parent=62574"}],"curies":[{"name":"wp","href":"https:\/\/api.w.org\/{rel}","templated":true}]}}