{"id":59436,"date":"2020-09-17T08:57:07","date_gmt":"2020-09-17T06:57:10","guid":{"rendered":"http:\/\/shop.mesomatic.ch\/produkt\/unkategorisiert\/ibc-lc2-2\/"},"modified":"2026-03-17T12:33:32","modified_gmt":"2026-03-17T11:33:32","slug":"ibc-lc2-2","status":"publish","type":"product","link":"https:\/\/shop.mesomatic.ch\/fr\/produkt\/inspecter-et-nettoyer\/stylos-de-nettoyage\/ibc-lc2-2\/","title":{"rendered":"IBC-LC2"},"content":{"rendered":"<p>IBC Cleaner LC Duplex tr\u00e8s compact pour le nettoyage directement dans le panneau. Nettoie les deux connecteurs des SFP et le connecteurs LC Duplex en m\u00eame temps. Peut \u00e9galement \u00eatre utilis\u00e9 sur le patch c\u00e2ble. Pour LC Duplex PC &amp; APC.<br \/>\nPour environ 525 nettoyages.<\/p>\n","protected":false},"excerpt":{"rendered":"<p>IBC Cleaner LC Duplex tr\u00e8s compact pour le nettoyage directement dans le panneau. Nettoie les deux connecteurs des SFP et le connecteurs LC Duplex en m\u00eame temps. Peut \u00e9galement \u00eatre utilis\u00e9 sur le patch c\u00e2ble. Pour LC Duplex PC &amp; APC. Pour environ 525 nettoyages.<\/p>\n","protected":false},"featured_media":0,"comment_status":"open","ping_status":"closed","template":"","meta":[],"product_brand":[],"product_cat":[299],"product_tag":[],"class_list":{"0":"post-59436","1":"product","2":"type-product","3":"status-publish","5":"product_cat-stylos-de-nettoyage","6":"description-off","8":"first","9":"instock","10":"taxable","11":"shipping-taxable","12":"purchasable","13":"product-type-simple"},"_links":{"self":[{"href":"https:\/\/shop.mesomatic.ch\/fr\/wp-json\/wp\/v2\/product\/59436","targetHints":{"allow":["GET"]}}],"collection":[{"href":"https:\/\/shop.mesomatic.ch\/fr\/wp-json\/wp\/v2\/product"}],"about":[{"href":"https:\/\/shop.mesomatic.ch\/fr\/wp-json\/wp\/v2\/types\/product"}],"replies":[{"embeddable":true,"href":"https:\/\/shop.mesomatic.ch\/fr\/wp-json\/wp\/v2\/comments?post=59436"}],"wp:attachment":[{"href":"https:\/\/shop.mesomatic.ch\/fr\/wp-json\/wp\/v2\/media?parent=59436"}],"wp:term":[{"taxonomy":"product_brand","embeddable":true,"href":"https:\/\/shop.mesomatic.ch\/fr\/wp-json\/wp\/v2\/product_brand?post=59436"},{"taxonomy":"product_cat","embeddable":true,"href":"https:\/\/shop.mesomatic.ch\/fr\/wp-json\/wp\/v2\/product_cat?post=59436"},{"taxonomy":"product_tag","embeddable":true,"href":"https:\/\/shop.mesomatic.ch\/fr\/wp-json\/wp\/v2\/product_tag?post=59436"}],"curies":[{"name":"wp","href":"https:\/\/api.w.org\/{rel}","templated":true}]}}