{"id":59447,"date":"2020-09-17T09:27:42","date_gmt":"2020-09-17T07:27:45","guid":{"rendered":"http:\/\/shop.mesomatic.ch\/produkt\/unkategorisiert\/rc400mt-2\/"},"modified":"2026-04-27T10:33:55","modified_gmt":"2026-04-27T08:33:55","slug":"rc400mt-2","status":"publish","type":"product","link":"https:\/\/shop.mesomatic.ch\/fr\/produkt\/inspecter-et-nettoyer\/cassettes-de-nettoyage\/rc400mt-2\/","title":{"rendered":"RC400MT"},"content":{"rendered":"<p>Cassette de nettoyage \u00e0 sec RC400MT RealCleaner (Optipop.) Jusqu\u2019\u00e0 400 nettoyages par cassette rempla\u00e7able. La cassette peut \u00eatre remplac\u00e9e en quelques \u00e9tapes simples. Version avec guides pour fiches MT (m\u00e2les.)<\/p>\n","protected":false},"excerpt":{"rendered":"<p>Cassette de nettoyage \u00e0 sec RC400MT RealCleaner (Optipop.) Jusqu\u2019\u00e0 400 nettoyages par cassette rempla\u00e7able. La cassette peut \u00eatre remplac\u00e9e en quelques \u00e9tapes simples. Version avec guides pour fiches MT (m\u00e2les.)<\/p>\n","protected":false},"featured_media":0,"comment_status":"open","ping_status":"closed","template":"","meta":[],"product_brand":[],"product_cat":[312],"product_tag":[],"class_list":{"0":"post-59447","1":"product","2":"type-product","3":"status-publish","5":"product_cat-cassettes-de-nettoyage","6":"description-off","8":"first","9":"instock","10":"taxable","11":"shipping-taxable","12":"purchasable","13":"product-type-simple"},"_links":{"self":[{"href":"https:\/\/shop.mesomatic.ch\/fr\/wp-json\/wp\/v2\/product\/59447","targetHints":{"allow":["GET"]}}],"collection":[{"href":"https:\/\/shop.mesomatic.ch\/fr\/wp-json\/wp\/v2\/product"}],"about":[{"href":"https:\/\/shop.mesomatic.ch\/fr\/wp-json\/wp\/v2\/types\/product"}],"replies":[{"embeddable":true,"href":"https:\/\/shop.mesomatic.ch\/fr\/wp-json\/wp\/v2\/comments?post=59447"}],"wp:attachment":[{"href":"https:\/\/shop.mesomatic.ch\/fr\/wp-json\/wp\/v2\/media?parent=59447"}],"wp:term":[{"taxonomy":"product_brand","embeddable":true,"href":"https:\/\/shop.mesomatic.ch\/fr\/wp-json\/wp\/v2\/product_brand?post=59447"},{"taxonomy":"product_cat","embeddable":true,"href":"https:\/\/shop.mesomatic.ch\/fr\/wp-json\/wp\/v2\/product_cat?post=59447"},{"taxonomy":"product_tag","embeddable":true,"href":"https:\/\/shop.mesomatic.ch\/fr\/wp-json\/wp\/v2\/product_tag?post=59447"}],"curies":[{"name":"wp","href":"https:\/\/api.w.org\/{rel}","templated":true}]}}