{"id":59449,"date":"2020-09-17T09:28:20","date_gmt":"2020-09-17T07:28:23","guid":{"rendered":"http:\/\/shop.mesomatic.ch\/produkt\/unkategorisiert\/rc400ts-2\/"},"modified":"2025-08-15T15:29:34","modified_gmt":"2025-08-15T13:29:34","slug":"rc400ts-2","status":"publish","type":"product","link":"https:\/\/shop.mesomatic.ch\/fr\/produkt\/inspecter-et-nettoyer\/cassettes-de-nettoyage\/rc400ts-2\/","title":{"rendered":"RC400TS"},"content":{"rendered":"<p>Cassette de nettoyage \u00e0 sec RealCleaner (Optipop.) Jusqu\u2019\u00e0 400 nettoyages par cassette rempla\u00e7able. La cassette peut \u00eatre remplac\u00e9e en quelques \u00e9tapes simples. Pour tous les types de connecteurs (simplex et duplex.)<\/p>\n","protected":false},"excerpt":{"rendered":"<p>Cassette de nettoyage \u00e0 sec RealCleaner (Optipop.) Jusqu\u2019\u00e0 400 nettoyages par cassette rempla\u00e7able. La cassette peut \u00eatre remplac\u00e9e en quelques \u00e9tapes simples. Pour tous les types de connecteurs (simplex et duplex.)<\/p>\n","protected":false},"featured_media":0,"comment_status":"open","ping_status":"closed","template":"","meta":[],"product_brand":[],"product_cat":[312],"product_tag":[],"class_list":{"0":"post-59449","1":"product","2":"type-product","3":"status-publish","5":"product_cat-cassettes-de-nettoyage","6":"description-off","8":"first","9":"instock","10":"taxable","11":"shipping-taxable","12":"purchasable","13":"product-type-simple"},"_links":{"self":[{"href":"https:\/\/shop.mesomatic.ch\/fr\/wp-json\/wp\/v2\/product\/59449","targetHints":{"allow":["GET"]}}],"collection":[{"href":"https:\/\/shop.mesomatic.ch\/fr\/wp-json\/wp\/v2\/product"}],"about":[{"href":"https:\/\/shop.mesomatic.ch\/fr\/wp-json\/wp\/v2\/types\/product"}],"replies":[{"embeddable":true,"href":"https:\/\/shop.mesomatic.ch\/fr\/wp-json\/wp\/v2\/comments?post=59449"}],"wp:attachment":[{"href":"https:\/\/shop.mesomatic.ch\/fr\/wp-json\/wp\/v2\/media?parent=59449"}],"wp:term":[{"taxonomy":"product_brand","embeddable":true,"href":"https:\/\/shop.mesomatic.ch\/fr\/wp-json\/wp\/v2\/product_brand?post=59449"},{"taxonomy":"product_cat","embeddable":true,"href":"https:\/\/shop.mesomatic.ch\/fr\/wp-json\/wp\/v2\/product_cat?post=59449"},{"taxonomy":"product_tag","embeddable":true,"href":"https:\/\/shop.mesomatic.ch\/fr\/wp-json\/wp\/v2\/product_tag?post=59449"}],"curies":[{"name":"wp","href":"https:\/\/api.w.org\/{rel}","templated":true}]}}