{"id":59451,"date":"2020-09-17T09:28:43","date_gmt":"2020-09-17T07:28:46","guid":{"rendered":"http:\/\/shop.mesomatic.ch\/produkt\/unkategorisiert\/ibc-mtp-mpo-2\/"},"modified":"2026-03-26T12:34:14","modified_gmt":"2026-03-26T11:34:14","slug":"ibc-mtp-mpo-2","status":"publish","type":"product","link":"https:\/\/shop.mesomatic.ch\/fr\/produkt\/inspecter-et-nettoyer\/stylos-de-nettoyage\/ibc-mtp-mpo-2\/","title":{"rendered":"IBC-MTP\/MPO"},"content":{"rendered":"<p>MPO Ferrule Cleaner.<br \/>\nNettoie les connecteurs \u00e0 f\u00e9rule MT m\u00e2les et femelles connect\u00e9s &amp; non connect\u00e9s.<br \/>\nPlus de 525 nettoyages par module.<br \/>\nTissu de nettoyage en microfibres tiss\u00e9es haute densit\u00e9.<br \/>\nEmbout d&#8217;adaptateur fourni pour le nettoyage de<br \/>\nconnecteurs non connect\u00e9 du type MPO.<\/p>\n","protected":false},"excerpt":{"rendered":"<p>MPO Ferrule Cleaner. Nettoie les connecteurs \u00e0 f\u00e9rule MT m\u00e2les et femelles connect\u00e9s &amp; non connect\u00e9s. Plus de 525 nettoyages par module. Tissu de nettoyage en microfibres tiss\u00e9es haute densit\u00e9. Embout d&#8217;adaptateur fourni pour le nettoyage de connecteurs non connect\u00e9 du type MPO.<\/p>\n","protected":false},"featured_media":0,"comment_status":"open","ping_status":"closed","template":"","meta":[],"product_brand":[],"product_cat":[299],"product_tag":[],"class_list":{"0":"post-59451","1":"product","2":"type-product","3":"status-publish","5":"product_cat-stylos-de-nettoyage","6":"description-off","8":"first","9":"instock","10":"taxable","11":"shipping-taxable","12":"purchasable","13":"product-type-simple"},"_links":{"self":[{"href":"https:\/\/shop.mesomatic.ch\/fr\/wp-json\/wp\/v2\/product\/59451","targetHints":{"allow":["GET"]}}],"collection":[{"href":"https:\/\/shop.mesomatic.ch\/fr\/wp-json\/wp\/v2\/product"}],"about":[{"href":"https:\/\/shop.mesomatic.ch\/fr\/wp-json\/wp\/v2\/types\/product"}],"replies":[{"embeddable":true,"href":"https:\/\/shop.mesomatic.ch\/fr\/wp-json\/wp\/v2\/comments?post=59451"}],"wp:attachment":[{"href":"https:\/\/shop.mesomatic.ch\/fr\/wp-json\/wp\/v2\/media?parent=59451"}],"wp:term":[{"taxonomy":"product_brand","embeddable":true,"href":"https:\/\/shop.mesomatic.ch\/fr\/wp-json\/wp\/v2\/product_brand?post=59451"},{"taxonomy":"product_cat","embeddable":true,"href":"https:\/\/shop.mesomatic.ch\/fr\/wp-json\/wp\/v2\/product_cat?post=59451"},{"taxonomy":"product_tag","embeddable":true,"href":"https:\/\/shop.mesomatic.ch\/fr\/wp-json\/wp\/v2\/product_tag?post=59451"}],"curies":[{"name":"wp","href":"https:\/\/api.w.org\/{rel}","templated":true}]}}