{"id":59617,"date":"2020-09-17T16:19:13","date_gmt":"2020-09-17T14:19:16","guid":{"rendered":"http:\/\/shop.mesomatic.ch\/produkt\/unkategorisiert\/fiberchek-autofocus-wifi-microscope-2\/"},"modified":"2026-04-09T11:33:56","modified_gmt":"2026-04-09T09:33:56","slug":"kit-de-mise-au-point-automatique-avec-microscope-fiber-chek","status":"publish","type":"product","link":"https:\/\/shop.mesomatic.ch\/fr\/produkt\/inspecter-et-nettoyer\/microscopes-adaptateurs\/kit-de-mise-au-point-automatique-avec-microscope-fiber-chek\/","title":{"rendered":"Kit de mircroscope FiberChek Auto Focus incluant 1 adaptateur.&nbsp;"},"content":{"rendered":"<p>&#8211; Microscope avec \u00e9cran int\u00e9gr\u00e9<br \/>\n&#8211; AutoFocus et autocentrage<br \/>\n&#8211; Analyse &#8220;Pass\/Fail&#8221; de la face terminale du connecteur<br \/>\n&#8211; Communication WiFi\/Bluetooth<br \/>\n&#8211; Diffusion en direct sur un appareil mobile ou un PC<br \/>\n&#8211; Application pour Android, iOS et Windows<br \/>\nContenu :<br \/>\n&#8211; Microscope FiberChek<br \/>\n&#8211; Adaptateur de c\u00e2ble Patch 2.5mm\/PC<br \/>\n&#8211; Pochette, manuel, bloc d&#8217;alimentation, c\u00e2ble USB et bo\u00eete d&#8217;adaptateur<\/p>\n","protected":false},"excerpt":{"rendered":"<p>&#8211; Microscope avec \u00e9cran int\u00e9gr\u00e9 &#8211; AutoFocus et autocentrage &#8211; Analyse &#8220;Pass\/Fail&#8221; de la face terminale du connecteur &#8211; Communication WiFi\/Bluetooth &#8211; Diffusion en direct sur un appareil mobile ou un PC &#8211; Application pour Android, iOS et Windows Contenu : &#8211; Microscope FiberChek &#8211; Adaptateur de c\u00e2ble Patch 2.5mm\/PC &#8211; Pochette, manuel, bloc d&#8217;alimentation,&hellip;<\/p>\n","protected":false},"featured_media":0,"comment_status":"open","ping_status":"closed","template":"","meta":[],"product_brand":[],"product_cat":[309,206],"product_tag":[],"class_list":{"0":"post-59617","1":"product","2":"type-product","3":"status-publish","5":"product_cat-microscopes-adaptateurs","6":"product_cat-mikroskop-adapter","7":"description-off","9":"first","10":"onbackorder","11":"taxable","12":"shipping-taxable","13":"purchasable","14":"product-type-simple"},"_links":{"self":[{"href":"https:\/\/shop.mesomatic.ch\/fr\/wp-json\/wp\/v2\/product\/59617","targetHints":{"allow":["GET"]}}],"collection":[{"href":"https:\/\/shop.mesomatic.ch\/fr\/wp-json\/wp\/v2\/product"}],"about":[{"href":"https:\/\/shop.mesomatic.ch\/fr\/wp-json\/wp\/v2\/types\/product"}],"replies":[{"embeddable":true,"href":"https:\/\/shop.mesomatic.ch\/fr\/wp-json\/wp\/v2\/comments?post=59617"}],"wp:attachment":[{"href":"https:\/\/shop.mesomatic.ch\/fr\/wp-json\/wp\/v2\/media?parent=59617"}],"wp:term":[{"taxonomy":"product_brand","embeddable":true,"href":"https:\/\/shop.mesomatic.ch\/fr\/wp-json\/wp\/v2\/product_brand?post=59617"},{"taxonomy":"product_cat","embeddable":true,"href":"https:\/\/shop.mesomatic.ch\/fr\/wp-json\/wp\/v2\/product_cat?post=59617"},{"taxonomy":"product_tag","embeddable":true,"href":"https:\/\/shop.mesomatic.ch\/fr\/wp-json\/wp\/v2\/product_tag?post=59617"}],"curies":[{"name":"wp","href":"https:\/\/api.w.org\/{rel}","templated":true}]}}