{"id":59647,"date":"2020-09-18T06:47:08","date_gmt":"2020-09-18T04:47:11","guid":{"rendered":"http:\/\/shop.mesomatic.ch\/produkt\/unkategorisiert\/fbpt-e2a-a6-2\/"},"modified":"2026-04-09T11:34:21","modified_gmt":"2026-04-09T09:34:21","slug":"fbpt-e2a-a6-2","status":"publish","type":"product","link":"https:\/\/shop.mesomatic.ch\/fr\/produkt\/inspecter-et-nettoyer\/microscopes-adaptateurs\/fbpt-e2a-a6-2\/","title":{"rendered":"FBPT-E2A-A6"},"content":{"rendered":"<p>Adaptateur panneau E2000 coud\u00e9 \u00e0 60 degr\u00e9s.<br \/>\nId\u00e9al pour le connecteur E2000\/APC et PC dans les panneaux difficiles \u00e0 atteindre.<br \/>\nL&#8217;inspection se fait directement dans le panneau ou \u00e0 travers le raccord. Les adaptateurs conviennent aux sondes P5, P5000 et P5000i.<\/p>\n","protected":false},"excerpt":{"rendered":"<p>Adaptateur panneau E2000 coud\u00e9 \u00e0 60 degr\u00e9s. Id\u00e9al pour le connecteur E2000\/APC et PC dans les panneaux difficiles \u00e0 atteindre. L&#8217;inspection se fait directement dans le panneau ou \u00e0 travers le raccord. Les adaptateurs conviennent aux sondes P5, P5000 et P5000i.<\/p>\n","protected":false},"featured_media":0,"comment_status":"open","ping_status":"closed","template":"","meta":[],"product_brand":[],"product_cat":[309,206],"product_tag":[],"class_list":{"0":"post-59647","1":"product","2":"type-product","3":"status-publish","5":"product_cat-microscopes-adaptateurs","6":"product_cat-mikroskop-adapter","7":"description-off","9":"first","10":"onbackorder","11":"taxable","12":"shipping-taxable","13":"purchasable","14":"product-type-simple"},"_links":{"self":[{"href":"https:\/\/shop.mesomatic.ch\/fr\/wp-json\/wp\/v2\/product\/59647","targetHints":{"allow":["GET"]}}],"collection":[{"href":"https:\/\/shop.mesomatic.ch\/fr\/wp-json\/wp\/v2\/product"}],"about":[{"href":"https:\/\/shop.mesomatic.ch\/fr\/wp-json\/wp\/v2\/types\/product"}],"replies":[{"embeddable":true,"href":"https:\/\/shop.mesomatic.ch\/fr\/wp-json\/wp\/v2\/comments?post=59647"}],"wp:attachment":[{"href":"https:\/\/shop.mesomatic.ch\/fr\/wp-json\/wp\/v2\/media?parent=59647"}],"wp:term":[{"taxonomy":"product_brand","embeddable":true,"href":"https:\/\/shop.mesomatic.ch\/fr\/wp-json\/wp\/v2\/product_brand?post=59647"},{"taxonomy":"product_cat","embeddable":true,"href":"https:\/\/shop.mesomatic.ch\/fr\/wp-json\/wp\/v2\/product_cat?post=59647"},{"taxonomy":"product_tag","embeddable":true,"href":"https:\/\/shop.mesomatic.ch\/fr\/wp-json\/wp\/v2\/product_tag?post=59647"}],"curies":[{"name":"wp","href":"https:\/\/api.w.org\/{rel}","templated":true}]}}