{"id":59874,"date":"2020-09-18T11:22:07","date_gmt":"2020-09-18T09:22:10","guid":{"rendered":"http:\/\/shop.mesomatic.ch\/produkt\/unkategorisiert\/cliveuse-s326a\/"},"modified":"2022-06-23T10:26:42","modified_gmt":"2022-06-23T08:26:42","slug":"cliveuse-s326a","status":"publish","type":"product","link":"https:\/\/shop.mesomatic.ch\/fr\/produkt\/episser\/outillage-et-accessoires\/cliveuse-s326a\/","title":{"rendered":"Cliveuse S326A"},"content":{"rendered":"<p>Cliveuse Sp\u00e9ciale FTTH avec m\u00e9canisme ing\u00e9nieux.<br \/>\nUtilisable d&#8217;une seule main.<br \/>\nR\u00e9cup\u00e9rateur de fibre int\u00e9gr\u00e9.<br \/>\nPr\u00e9vue pour supports amovibles.<\/p>\n","protected":false},"excerpt":{"rendered":"<p>Cliveuse Sp\u00e9ciale FTTH avec m\u00e9canisme ing\u00e9nieux. Utilisable d&#8217;une seule main. R\u00e9cup\u00e9rateur de fibre int\u00e9gr\u00e9. Pr\u00e9vue pour supports amovibles.<\/p>\n","protected":false},"featured_media":0,"comment_status":"open","ping_status":"closed","template":"","meta":[],"product_brand":[],"product_cat":[322],"product_tag":[],"class_list":{"0":"post-59874","1":"product","2":"type-product","3":"status-publish","5":"product_cat-outillage-et-accessoires","6":"description-off","8":"first","9":"instock","10":"taxable","11":"shipping-taxable","12":"product-type-simple"},"_links":{"self":[{"href":"https:\/\/shop.mesomatic.ch\/fr\/wp-json\/wp\/v2\/product\/59874","targetHints":{"allow":["GET"]}}],"collection":[{"href":"https:\/\/shop.mesomatic.ch\/fr\/wp-json\/wp\/v2\/product"}],"about":[{"href":"https:\/\/shop.mesomatic.ch\/fr\/wp-json\/wp\/v2\/types\/product"}],"replies":[{"embeddable":true,"href":"https:\/\/shop.mesomatic.ch\/fr\/wp-json\/wp\/v2\/comments?post=59874"}],"wp:attachment":[{"href":"https:\/\/shop.mesomatic.ch\/fr\/wp-json\/wp\/v2\/media?parent=59874"}],"wp:term":[{"taxonomy":"product_brand","embeddable":true,"href":"https:\/\/shop.mesomatic.ch\/fr\/wp-json\/wp\/v2\/product_brand?post=59874"},{"taxonomy":"product_cat","embeddable":true,"href":"https:\/\/shop.mesomatic.ch\/fr\/wp-json\/wp\/v2\/product_cat?post=59874"},{"taxonomy":"product_tag","embeddable":true,"href":"https:\/\/shop.mesomatic.ch\/fr\/wp-json\/wp\/v2\/product_tag?post=59874"}],"curies":[{"name":"wp","href":"https:\/\/api.w.org\/{rel}","templated":true}]}}