{"id":60144,"date":"2020-09-21T06:12:39","date_gmt":"2020-09-21T04:12:42","guid":{"rendered":"http:\/\/shop.mesomatic.ch\/produkt\/unkategorisiert\/vff-2\/"},"modified":"2026-04-01T12:33:49","modified_gmt":"2026-04-01T10:33:49","slug":"vff-2","status":"publish","type":"product","link":"https:\/\/shop.mesomatic.ch\/fr\/produkt\/episser\/outillage-et-accessoires\/vff-2\/","title":{"rendered":"VFF"},"content":{"rendered":"<p>Laser \u00e0 lumi\u00e8re rouge (stylo laser) avec adaptateur universel de 2,5 mm<br \/>\nLumi\u00e8re rouge avec une longueur d&#8217;onde de 635nm<br \/>\nqui brille ou clignote constamment<br \/>\nPort\u00e9e d&#8217;environ 5 km<br \/>\nIncl. 2 pcs. Piles AAA (environ 40h de clignotement) et bo\u00eete<\/p>\n","protected":false},"excerpt":{"rendered":"<p>Laser \u00e0 lumi\u00e8re rouge (stylo laser) avec adaptateur universel de 2,5 mm Lumi\u00e8re rouge avec une longueur d&#8217;onde de 635nm qui brille ou clignote constamment Port\u00e9e d&#8217;environ 5 km Incl. 2 pcs. Piles AAA (environ 40h de clignotement) et bo\u00eete<\/p>\n","protected":false},"featured_media":0,"comment_status":"open","ping_status":"closed","template":"","meta":[],"product_brand":[],"product_cat":[322,295,203,214],"product_tag":[],"class_list":{"0":"post-60144","1":"product","2":"type-product","3":"status-publish","5":"product_cat-outillage-et-accessoires","6":"product_cat-outils-de-nettoyage","7":"product_cat-reinigungstools","8":"product_cat-werkzeug-zubehoer","9":"description-off","11":"first","12":"instock","13":"taxable","14":"shipping-taxable","15":"purchasable","16":"product-type-simple"},"_links":{"self":[{"href":"https:\/\/shop.mesomatic.ch\/fr\/wp-json\/wp\/v2\/product\/60144","targetHints":{"allow":["GET"]}}],"collection":[{"href":"https:\/\/shop.mesomatic.ch\/fr\/wp-json\/wp\/v2\/product"}],"about":[{"href":"https:\/\/shop.mesomatic.ch\/fr\/wp-json\/wp\/v2\/types\/product"}],"replies":[{"embeddable":true,"href":"https:\/\/shop.mesomatic.ch\/fr\/wp-json\/wp\/v2\/comments?post=60144"}],"wp:attachment":[{"href":"https:\/\/shop.mesomatic.ch\/fr\/wp-json\/wp\/v2\/media?parent=60144"}],"wp:term":[{"taxonomy":"product_brand","embeddable":true,"href":"https:\/\/shop.mesomatic.ch\/fr\/wp-json\/wp\/v2\/product_brand?post=60144"},{"taxonomy":"product_cat","embeddable":true,"href":"https:\/\/shop.mesomatic.ch\/fr\/wp-json\/wp\/v2\/product_cat?post=60144"},{"taxonomy":"product_tag","embeddable":true,"href":"https:\/\/shop.mesomatic.ch\/fr\/wp-json\/wp\/v2\/product_tag?post=60144"}],"curies":[{"name":"wp","href":"https:\/\/api.w.org\/{rel}","templated":true}]}}