{"id":60165,"date":"2020-09-21T06:55:10","date_gmt":"2020-09-21T04:55:13","guid":{"rendered":"http:\/\/shop.mesomatic.ch\/produkt\/unkategorisiert\/cletop-1-25-2\/"},"modified":"2026-03-26T13:33:42","modified_gmt":"2026-03-26T12:33:42","slug":"cletop-1-25-2","status":"publish","type":"product","link":"https:\/\/shop.mesomatic.ch\/fr\/produkt\/inspecter-et-nettoyer\/outils-de-nettoyage\/cletop-1-25-2\/","title":{"rendered":"CLETOP 1.25"},"content":{"rendered":"<p>B\u00e2tonnets de nettoyage pour connecteurs 1.25 mm.<br \/>\nUnit\u00e9 de conditionnement paquet de 5 pi\u00e8ces.<\/p>\n","protected":false},"excerpt":{"rendered":"<p>B\u00e2tonnets de nettoyage pour connecteurs 1.25 mm. Unit\u00e9 de conditionnement paquet de 5 pi\u00e8ces.<\/p>\n","protected":false},"featured_media":0,"comment_status":"open","ping_status":"closed","template":"","meta":[],"product_brand":[],"product_cat":[295],"product_tag":[],"class_list":{"0":"post-60165","1":"product","2":"type-product","3":"status-publish","5":"product_cat-outils-de-nettoyage","6":"description-off","8":"first","9":"instock","10":"taxable","11":"shipping-taxable","12":"purchasable","13":"product-type-simple"},"_links":{"self":[{"href":"https:\/\/shop.mesomatic.ch\/fr\/wp-json\/wp\/v2\/product\/60165","targetHints":{"allow":["GET"]}}],"collection":[{"href":"https:\/\/shop.mesomatic.ch\/fr\/wp-json\/wp\/v2\/product"}],"about":[{"href":"https:\/\/shop.mesomatic.ch\/fr\/wp-json\/wp\/v2\/types\/product"}],"replies":[{"embeddable":true,"href":"https:\/\/shop.mesomatic.ch\/fr\/wp-json\/wp\/v2\/comments?post=60165"}],"wp:attachment":[{"href":"https:\/\/shop.mesomatic.ch\/fr\/wp-json\/wp\/v2\/media?parent=60165"}],"wp:term":[{"taxonomy":"product_brand","embeddable":true,"href":"https:\/\/shop.mesomatic.ch\/fr\/wp-json\/wp\/v2\/product_brand?post=60165"},{"taxonomy":"product_cat","embeddable":true,"href":"https:\/\/shop.mesomatic.ch\/fr\/wp-json\/wp\/v2\/product_cat?post=60165"},{"taxonomy":"product_tag","embeddable":true,"href":"https:\/\/shop.mesomatic.ch\/fr\/wp-json\/wp\/v2\/product_tag?post=60165"}],"curies":[{"name":"wp","href":"https:\/\/api.w.org\/{rel}","templated":true}]}}