{"id":60172,"date":"2020-09-21T06:56:26","date_gmt":"2020-09-21T04:56:29","guid":{"rendered":"http:\/\/shop.mesomatic.ch\/produkt\/unkategorisiert\/cassette-de-remplacement-pour-cletop-scassette-de-rechange-pour-cletop-s-jusqua-400-nettoyages-par-cassette-remplacable-la-cassette-peut-etre-remplacee-en-quelques-etapes-simples\/"},"modified":"2026-05-01T11:33:41","modified_gmt":"2026-05-01T09:33:41","slug":"cassette-de-remplacement-pour-cletop-s","status":"publish","type":"product","link":"https:\/\/shop.mesomatic.ch\/fr\/produkt\/inspecter-et-nettoyer\/cassettes-de-nettoyage\/cassette-de-remplacement-pour-cletop-s\/","title":{"rendered":"Cassette de remplacement pour Cletop-S"},"content":{"rendered":"<p>Cassette de rechange pour Cletop-S. Jusqu&#8217;\u00e0 400 nettoyages par cassette rempla\u00e7able. La cassette peut \u00eatre remplac\u00e9e en quelques \u00e9tapes simples.<\/p>\n","protected":false},"excerpt":{"rendered":"<p>Cassette de rechange pour Cletop-S. Jusqu&#8217;\u00e0 400 nettoyages par cassette rempla\u00e7able. La cassette peut \u00eatre remplac\u00e9e en quelques \u00e9tapes simples.<\/p>\n","protected":false},"featured_media":0,"comment_status":"open","ping_status":"closed","template":"","meta":[],"product_brand":[],"product_cat":[312],"product_tag":[],"class_list":{"0":"post-60172","1":"product","2":"type-product","3":"status-publish","5":"product_cat-cassettes-de-nettoyage","6":"description-off","8":"first","9":"instock","10":"taxable","11":"shipping-taxable","12":"purchasable","13":"product-type-simple"},"_links":{"self":[{"href":"https:\/\/shop.mesomatic.ch\/fr\/wp-json\/wp\/v2\/product\/60172","targetHints":{"allow":["GET"]}}],"collection":[{"href":"https:\/\/shop.mesomatic.ch\/fr\/wp-json\/wp\/v2\/product"}],"about":[{"href":"https:\/\/shop.mesomatic.ch\/fr\/wp-json\/wp\/v2\/types\/product"}],"replies":[{"embeddable":true,"href":"https:\/\/shop.mesomatic.ch\/fr\/wp-json\/wp\/v2\/comments?post=60172"}],"wp:attachment":[{"href":"https:\/\/shop.mesomatic.ch\/fr\/wp-json\/wp\/v2\/media?parent=60172"}],"wp:term":[{"taxonomy":"product_brand","embeddable":true,"href":"https:\/\/shop.mesomatic.ch\/fr\/wp-json\/wp\/v2\/product_brand?post=60172"},{"taxonomy":"product_cat","embeddable":true,"href":"https:\/\/shop.mesomatic.ch\/fr\/wp-json\/wp\/v2\/product_cat?post=60172"},{"taxonomy":"product_tag","embeddable":true,"href":"https:\/\/shop.mesomatic.ch\/fr\/wp-json\/wp\/v2\/product_tag?post=60172"}],"curies":[{"name":"wp","href":"https:\/\/api.w.org\/{rel}","templated":true}]}}