{"id":60225,"date":"2020-09-21T07:39:56","date_gmt":"2020-09-21T05:39:59","guid":{"rendered":"http:\/\/shop.mesomatic.ch\/produkt\/unkategorisiert\/fluide-de-nettoyage-poc03m-85g\/"},"modified":"2026-03-02T12:33:55","modified_gmt":"2026-03-02T11:33:55","slug":"fluide-de-nettoyage-poc03m-85g","status":"publish","type":"product","link":"https:\/\/shop.mesomatic.ch\/fr\/produkt\/inspecter-et-nettoyer\/outils-de-nettoyage\/fluide-de-nettoyage-poc03m-85g\/","title":{"rendered":"Fluide de nettoyage POC03M 85g"},"content":{"rendered":"<p>Flacon pulv\u00e9risateur.<br \/>\nId\u00e9al pour le nettoyage des fibres optiques et les f\u00e9rules des connecteurs.<br \/>\nS\u00e9chage rapide, non-inflammable<\/p>\n","protected":false},"excerpt":{"rendered":"<p>Flacon pulv\u00e9risateur. Id\u00e9al pour le nettoyage des fibres optiques et les f\u00e9rules des connecteurs. S\u00e9chage rapide, non-inflammable<\/p>\n","protected":false},"featured_media":0,"comment_status":"open","ping_status":"closed","template":"","meta":[],"product_brand":[],"product_cat":[295],"product_tag":[],"class_list":{"0":"post-60225","1":"product","2":"type-product","3":"status-publish","5":"product_cat-outils-de-nettoyage","6":"description-off","8":"first","9":"instock","10":"taxable","11":"shipping-taxable","12":"purchasable","13":"product-type-simple"},"_links":{"self":[{"href":"https:\/\/shop.mesomatic.ch\/fr\/wp-json\/wp\/v2\/product\/60225","targetHints":{"allow":["GET"]}}],"collection":[{"href":"https:\/\/shop.mesomatic.ch\/fr\/wp-json\/wp\/v2\/product"}],"about":[{"href":"https:\/\/shop.mesomatic.ch\/fr\/wp-json\/wp\/v2\/types\/product"}],"replies":[{"embeddable":true,"href":"https:\/\/shop.mesomatic.ch\/fr\/wp-json\/wp\/v2\/comments?post=60225"}],"wp:attachment":[{"href":"https:\/\/shop.mesomatic.ch\/fr\/wp-json\/wp\/v2\/media?parent=60225"}],"wp:term":[{"taxonomy":"product_brand","embeddable":true,"href":"https:\/\/shop.mesomatic.ch\/fr\/wp-json\/wp\/v2\/product_brand?post=60225"},{"taxonomy":"product_cat","embeddable":true,"href":"https:\/\/shop.mesomatic.ch\/fr\/wp-json\/wp\/v2\/product_cat?post=60225"},{"taxonomy":"product_tag","embeddable":true,"href":"https:\/\/shop.mesomatic.ch\/fr\/wp-json\/wp\/v2\/product_tag?post=60225"}],"curies":[{"name":"wp","href":"https:\/\/api.w.org\/{rel}","templated":true}]}}