{"id":60450,"date":"2020-09-21T10:42:40","date_gmt":"2020-09-21T08:42:40","guid":{"rendered":"http:\/\/shop.mesomatic.ch\/produkt\/unkategorisiert\/protection-depissure-thermo-retractable-45mm-x-2-4mm\/"},"modified":"2026-04-29T11:34:03","modified_gmt":"2026-04-29T09:34:03","slug":"protection-depissure-thermo-retractable-45mm-x-2-4mm","status":"publish","type":"product","link":"https:\/\/shop.mesomatic.ch\/fr\/produkt\/episser\/consommables-et-piece-de-rechange\/protection-depissure-thermo-retractable-45mm-x-2-4mm\/","title":{"rendered":"Protection d&#039;&eacute;pissure thermo-r&eacute;tractable 45mm x 2.4mm"},"content":{"rendered":"<p>magn\u00e9tique<br \/>\nDiam\u00e8tre ext\u00e9rieur du protecteur d&#8217;\u00e9pissure apr\u00e8s r\u00e9traction : \u00f8 2.4 mm +\/- 0.2mm<br \/>\nDiam\u00e8tre du trou de protection de l&#8217;\u00e9pissure avant r\u00e9traction : \u00f8 1,2 mm<br \/>\nDiam\u00e8tre du fil d&#8217;armature : \u00f8 1 mm<br \/>\nTemp\u00e9rature minimale de r\u00e9traction : 110 \u00b0C<br \/>\nDur\u00e9e maximale de r\u00e9traction : 60 secondes<br \/>\nCouleur : transparent<br \/>\nUnit\u00e9 d&#8217;emballage 100 pi\u00e8ces<\/p>\n","protected":false},"excerpt":{"rendered":"<p>magn\u00e9tique Diam\u00e8tre ext\u00e9rieur du protecteur d&#8217;\u00e9pissure apr\u00e8s r\u00e9traction : \u00f8 2.4 mm +\/- 0.2mm Diam\u00e8tre du trou de protection de l&#8217;\u00e9pissure avant r\u00e9traction : \u00f8 1,2 mm Diam\u00e8tre du fil d&#8217;armature : \u00f8 1 mm Temp\u00e9rature minimale de r\u00e9traction : 110 \u00b0C Dur\u00e9e maximale de r\u00e9traction : 60 secondes Couleur : transparent Unit\u00e9 d&#8217;emballage 100&hellip;<\/p>\n","protected":false},"featured_media":0,"comment_status":"open","ping_status":"closed","template":"","meta":[],"product_brand":[],"product_cat":[319],"product_tag":[],"class_list":{"0":"post-60450","1":"product","2":"type-product","3":"status-publish","5":"product_cat-consommables-et-piece-de-rechange","6":"description-off","8":"first","9":"instock","10":"taxable","11":"shipping-taxable","12":"purchasable","13":"product-type-simple"},"_links":{"self":[{"href":"https:\/\/shop.mesomatic.ch\/fr\/wp-json\/wp\/v2\/product\/60450","targetHints":{"allow":["GET"]}}],"collection":[{"href":"https:\/\/shop.mesomatic.ch\/fr\/wp-json\/wp\/v2\/product"}],"about":[{"href":"https:\/\/shop.mesomatic.ch\/fr\/wp-json\/wp\/v2\/types\/product"}],"replies":[{"embeddable":true,"href":"https:\/\/shop.mesomatic.ch\/fr\/wp-json\/wp\/v2\/comments?post=60450"}],"wp:attachment":[{"href":"https:\/\/shop.mesomatic.ch\/fr\/wp-json\/wp\/v2\/media?parent=60450"}],"wp:term":[{"taxonomy":"product_brand","embeddable":true,"href":"https:\/\/shop.mesomatic.ch\/fr\/wp-json\/wp\/v2\/product_brand?post=60450"},{"taxonomy":"product_cat","embeddable":true,"href":"https:\/\/shop.mesomatic.ch\/fr\/wp-json\/wp\/v2\/product_cat?post=60450"},{"taxonomy":"product_tag","embeddable":true,"href":"https:\/\/shop.mesomatic.ch\/fr\/wp-json\/wp\/v2\/product_tag?post=60450"}],"curies":[{"name":"wp","href":"https:\/\/api.w.org\/{rel}","templated":true}]}}