{"id":60472,"date":"2020-09-21T10:43:46","date_gmt":"2020-09-21T08:43:46","guid":{"rendered":"http:\/\/shop.mesomatic.ch\/produkt\/unkategorisiert\/filtre-otdr-inservice-pour-ftth-swisscom\/"},"modified":"2026-04-23T11:33:49","modified_gmt":"2026-04-23T09:33:49","slug":"filtre-otdr-inservice-pour-ftth-swisscom","status":"publish","type":"product","link":"https:\/\/shop.mesomatic.ch\/fr\/produkt\/composants\/cable-patch-et-adaptateurs\/filtre-otdr-inservice-pour-ftth-swisscom\/","title":{"rendered":"Filtre OTDR InService pour FTTH"},"content":{"rendered":"<p>Ins\u00e9rer le filtre entre l&#8217;OTDR et la fibre<br \/>\nd&#8217;injection et \u00e9x\u00e9cuter la mesure en 1310nm.<br \/>\nFiltre \u00e0 isolation \u00e9lev\u00e9e 1550nm avec<br \/>\nconnecteurs SC\/PC aux deux bouts d&#8217;une fibre<br \/>\nde 1m de long. Adaptateur inclus.<\/p>\n","protected":false},"excerpt":{"rendered":"<p>Ins\u00e9rer le filtre entre l&#8217;OTDR et la fibre d&#8217;injection et \u00e9x\u00e9cuter la mesure en 1310nm. Filtre \u00e0 isolation \u00e9lev\u00e9e 1550nm avec connecteurs SC\/PC aux deux bouts d&#8217;une fibre de 1m de long. Adaptateur inclus.<\/p>\n","protected":false},"featured_media":0,"comment_status":"open","ping_status":"closed","template":"","meta":[],"product_brand":[],"product_cat":[290],"product_tag":[],"class_list":{"0":"post-60472","1":"product","2":"type-product","3":"status-publish","5":"product_cat-cable-patch-et-adaptateurs","6":"description-off","8":"first","9":"instock","10":"taxable","11":"shipping-taxable","12":"purchasable","13":"product-type-simple"},"_links":{"self":[{"href":"https:\/\/shop.mesomatic.ch\/fr\/wp-json\/wp\/v2\/product\/60472","targetHints":{"allow":["GET"]}}],"collection":[{"href":"https:\/\/shop.mesomatic.ch\/fr\/wp-json\/wp\/v2\/product"}],"about":[{"href":"https:\/\/shop.mesomatic.ch\/fr\/wp-json\/wp\/v2\/types\/product"}],"replies":[{"embeddable":true,"href":"https:\/\/shop.mesomatic.ch\/fr\/wp-json\/wp\/v2\/comments?post=60472"}],"wp:attachment":[{"href":"https:\/\/shop.mesomatic.ch\/fr\/wp-json\/wp\/v2\/media?parent=60472"}],"wp:term":[{"taxonomy":"product_brand","embeddable":true,"href":"https:\/\/shop.mesomatic.ch\/fr\/wp-json\/wp\/v2\/product_brand?post=60472"},{"taxonomy":"product_cat","embeddable":true,"href":"https:\/\/shop.mesomatic.ch\/fr\/wp-json\/wp\/v2\/product_cat?post=60472"},{"taxonomy":"product_tag","embeddable":true,"href":"https:\/\/shop.mesomatic.ch\/fr\/wp-json\/wp\/v2\/product_tag?post=60472"}],"curies":[{"name":"wp","href":"https:\/\/api.w.org\/{rel}","templated":true}]}}