{"id":60649,"date":"2020-09-21T14:55:49","date_gmt":"2020-09-21T12:55:49","guid":{"rendered":"http:\/\/shop.mesomatic.ch\/produkt\/unkategorisiert\/filtre-otdr-inservice-pour-ftth-swisscom\/"},"modified":"2026-05-01T12:33:47","modified_gmt":"2026-05-01T10:33:47","slug":"filtre-otdr-inservice-pour-ftth-swisscom-2","status":"publish","type":"product","link":"https:\/\/shop.mesomatic.ch\/fr\/produkt\/composants\/cable-patch-et-adaptateurs\/filtre-otdr-inservice-pour-ftth-swisscom-2\/","title":{"rendered":"Filtre OTDR InService pour FTTH"},"content":{"rendered":"<p>Ins\u00e9rer le filtre entre l&#8217;OTDR et la fibre<br \/>\nd&#8217;injection et ex\u00e9cuter la mesure en 1310nm.<br \/>\nFiltre \u00e0 isolation \u00e9lev\u00e9e 1550nm avec<br \/>\nconnecteurs SC\/APC aux deux bouts d&#8217;une fibre<br \/>\nde 1m de long. Adaptateur inclus.<\/p>\n","protected":false},"excerpt":{"rendered":"<p>Ins\u00e9rer le filtre entre l&#8217;OTDR et la fibre d&#8217;injection et ex\u00e9cuter la mesure en 1310nm. Filtre \u00e0 isolation \u00e9lev\u00e9e 1550nm avec connecteurs SC\/APC aux deux bouts d&#8217;une fibre de 1m de long. Adaptateur inclus.<\/p>\n","protected":false},"featured_media":0,"comment_status":"open","ping_status":"closed","template":"","meta":[],"product_brand":[],"product_cat":[290],"product_tag":[],"class_list":{"0":"post-60649","1":"product","2":"type-product","3":"status-publish","5":"product_cat-cable-patch-et-adaptateurs","6":"description-off","8":"first","9":"instock","10":"taxable","11":"shipping-taxable","12":"purchasable","13":"product-type-simple"},"_links":{"self":[{"href":"https:\/\/shop.mesomatic.ch\/fr\/wp-json\/wp\/v2\/product\/60649","targetHints":{"allow":["GET"]}}],"collection":[{"href":"https:\/\/shop.mesomatic.ch\/fr\/wp-json\/wp\/v2\/product"}],"about":[{"href":"https:\/\/shop.mesomatic.ch\/fr\/wp-json\/wp\/v2\/types\/product"}],"replies":[{"embeddable":true,"href":"https:\/\/shop.mesomatic.ch\/fr\/wp-json\/wp\/v2\/comments?post=60649"}],"wp:attachment":[{"href":"https:\/\/shop.mesomatic.ch\/fr\/wp-json\/wp\/v2\/media?parent=60649"}],"wp:term":[{"taxonomy":"product_brand","embeddable":true,"href":"https:\/\/shop.mesomatic.ch\/fr\/wp-json\/wp\/v2\/product_brand?post=60649"},{"taxonomy":"product_cat","embeddable":true,"href":"https:\/\/shop.mesomatic.ch\/fr\/wp-json\/wp\/v2\/product_cat?post=60649"},{"taxonomy":"product_tag","embeddable":true,"href":"https:\/\/shop.mesomatic.ch\/fr\/wp-json\/wp\/v2\/product_tag?post=60649"}],"curies":[{"name":"wp","href":"https:\/\/api.w.org\/{rel}","templated":true}]}}