{"id":60813,"date":"2020-09-22T05:36:59","date_gmt":"2020-09-22T03:37:02","guid":{"rendered":"http:\/\/shop.mesomatic.ch\/produkt\/unkategorisiert\/1g-sfp-lx-2\/"},"modified":"2026-04-20T16:33:48","modified_gmt":"2026-04-20T14:33:48","slug":"1g-sfp-lx-2","status":"publish","type":"product","link":"https:\/\/shop.mesomatic.ch\/fr\/produkt\/composants\/modules-optiques-transceivers\/1g-sfp-lx-2\/","title":{"rendered":"1G SFP LX"},"content":{"rendered":"<p>D\u00e9bit de donn\u00e9es : 1G<br \/>\nFacteur de forme : SFP<br \/>\nType de connecteur : LC<br \/>\nLongueur d&#8217;onde : Singlemode 1310nm<br \/>\nDistance : jusqu&#8217;\u00e0 10 km<\/p>\n","protected":false},"excerpt":{"rendered":"<p>D\u00e9bit de donn\u00e9es : 1G Facteur de forme : SFP Type de connecteur : LC Longueur d&#8217;onde : Singlemode 1310nm Distance : jusqu&#8217;\u00e0 10 km<\/p>\n","protected":false},"featured_media":0,"comment_status":"open","ping_status":"closed","template":"","meta":[],"product_brand":[],"product_cat":[271,230],"product_tag":[],"class_list":{"0":"post-60813","1":"product","2":"type-product","3":"status-publish","5":"product_cat-modules-optiques-transceivers","6":"product_cat-transceiver","7":"description-off","9":"first","10":"instock","11":"taxable","12":"shipping-taxable","13":"purchasable","14":"product-type-simple"},"_links":{"self":[{"href":"https:\/\/shop.mesomatic.ch\/fr\/wp-json\/wp\/v2\/product\/60813","targetHints":{"allow":["GET"]}}],"collection":[{"href":"https:\/\/shop.mesomatic.ch\/fr\/wp-json\/wp\/v2\/product"}],"about":[{"href":"https:\/\/shop.mesomatic.ch\/fr\/wp-json\/wp\/v2\/types\/product"}],"replies":[{"embeddable":true,"href":"https:\/\/shop.mesomatic.ch\/fr\/wp-json\/wp\/v2\/comments?post=60813"}],"wp:attachment":[{"href":"https:\/\/shop.mesomatic.ch\/fr\/wp-json\/wp\/v2\/media?parent=60813"}],"wp:term":[{"taxonomy":"product_brand","embeddable":true,"href":"https:\/\/shop.mesomatic.ch\/fr\/wp-json\/wp\/v2\/product_brand?post=60813"},{"taxonomy":"product_cat","embeddable":true,"href":"https:\/\/shop.mesomatic.ch\/fr\/wp-json\/wp\/v2\/product_cat?post=60813"},{"taxonomy":"product_tag","embeddable":true,"href":"https:\/\/shop.mesomatic.ch\/fr\/wp-json\/wp\/v2\/product_tag?post=60813"}],"curies":[{"name":"wp","href":"https:\/\/api.w.org\/{rel}","templated":true}]}}