{"id":60821,"date":"2020-09-22T05:37:23","date_gmt":"2020-09-22T03:37:26","guid":{"rendered":"http:\/\/shop.mesomatic.ch\/produkt\/unkategorisiert\/cwdm-sfp-1g-3\/"},"modified":"2025-08-15T16:04:22","modified_gmt":"2025-08-15T14:04:22","slug":"cwdm-sfp-1g-3","status":"publish","type":"product","link":"https:\/\/shop.mesomatic.ch\/fr\/produkt\/composants\/modules-optiques-transceivers\/cwdm-sfp-1g-3\/","title":{"rendered":"CWDM&nbsp;SFP&nbsp;1G"},"content":{"rendered":"<p>D\u00e9bit de donn\u00e9es : 1G<br \/>\nFacteur de forme : SFP+<br \/>\nType de connecteur : LC<br \/>\nLongueur d&#8217;onde : CWDM 1570nm<br \/>\nDistance : jusqu&#8217;\u00e0 80km (28dB)<\/p>\n","protected":false},"excerpt":{"rendered":"<p>D\u00e9bit de donn\u00e9es : 1G Facteur de forme : SFP+ Type de connecteur : LC Longueur d&#8217;onde : CWDM 1570nm Distance : jusqu&#8217;\u00e0 80km (28dB)<\/p>\n","protected":false},"featured_media":0,"comment_status":"open","ping_status":"closed","template":"","meta":[],"product_brand":[],"product_cat":[271],"product_tag":[],"class_list":{"0":"post-60821","1":"product","2":"type-product","3":"status-publish","5":"product_cat-modules-optiques-transceivers","6":"description-off","8":"first","9":"onbackorder","10":"taxable","11":"shipping-taxable","12":"purchasable","13":"product-type-simple"},"_links":{"self":[{"href":"https:\/\/shop.mesomatic.ch\/fr\/wp-json\/wp\/v2\/product\/60821","targetHints":{"allow":["GET"]}}],"collection":[{"href":"https:\/\/shop.mesomatic.ch\/fr\/wp-json\/wp\/v2\/product"}],"about":[{"href":"https:\/\/shop.mesomatic.ch\/fr\/wp-json\/wp\/v2\/types\/product"}],"replies":[{"embeddable":true,"href":"https:\/\/shop.mesomatic.ch\/fr\/wp-json\/wp\/v2\/comments?post=60821"}],"wp:attachment":[{"href":"https:\/\/shop.mesomatic.ch\/fr\/wp-json\/wp\/v2\/media?parent=60821"}],"wp:term":[{"taxonomy":"product_brand","embeddable":true,"href":"https:\/\/shop.mesomatic.ch\/fr\/wp-json\/wp\/v2\/product_brand?post=60821"},{"taxonomy":"product_cat","embeddable":true,"href":"https:\/\/shop.mesomatic.ch\/fr\/wp-json\/wp\/v2\/product_cat?post=60821"},{"taxonomy":"product_tag","embeddable":true,"href":"https:\/\/shop.mesomatic.ch\/fr\/wp-json\/wp\/v2\/product_tag?post=60821"}],"curies":[{"name":"wp","href":"https:\/\/api.w.org\/{rel}","templated":true}]}}