{"id":61892,"date":"2021-05-07T09:44:39","date_gmt":"2021-05-07T07:44:47","guid":{"rendered":"https:\/\/shop.mesomatic.ch\/produkt\/unkategorisiert\/afl-focis-flex-kit-plus-sc-pc-u25-2\/"},"modified":"2026-02-26T09:40:28","modified_gmt":"2026-02-26T08:40:28","slug":"afl-focis-flex-kit-plus-sc-pc-u25-2","status":"publish","type":"product","link":"https:\/\/shop.mesomatic.ch\/fr\/produkt\/inspecter-et-nettoyer\/microscopes-adaptateurs\/afl-focis-flex-kit-plus-sc-pc-u25-2\/","title":{"rendered":"AFL FOCIS Flex Kit Plus SC\/PC"},"content":{"rendered":"<p>FOCIS Flex rend l&#8217;inspection des connecteurs simple, rapide et pratique. D&#8217;une seule touche, FOCIS Flex effectue automatiquement la mise au point, la capture et le centrage de l&#8217;image du connecteur, applique les r\u00e8gles de r\u00e9ussite\/\u00e9chec, affiche l&#8217;image et les r\u00e9sultats de r\u00e9ussite\/\u00e9chec, stocke les r\u00e9sultats en interne et\/ou transmet sans fil les donn\u00e9es \u00e0 un smartphone coupl\u00e9. Il est rapide, petit et facile \u00e0 utiliser pour tester les connecteurs \u00e0 100%.<br \/>\nGr\u00e2ce \u00e0 sa batterie rechargeable et \u00e0 son \u00e9cran int\u00e9gr\u00e9, FOCIS Flex peut \u00eatre utilis\u00e9 de mani\u00e8re autonome sans avoir besoin d&#8217;un OTDR ou d&#8217;un \u00e9cran externe.<br \/>\nContenu :<br \/>\n&#8211; FOCIS Flex<br \/>\n&#8211; Adaptateur panneau SC\/PC<br \/>\n&#8211; Adaptateur pour c\u00e2ble patch U25\/PC<br \/>\n&#8211; bo\u00eete d&#8217;adaptation<br \/>\n&#8211; Nettoyage en 1 clic<\/p>\n","protected":false},"excerpt":{"rendered":"<p>FOCIS Flex rend l&#8217;inspection des connecteurs simple, rapide et pratique. D&#8217;une seule touche, FOCIS Flex effectue automatiquement la mise au point, la capture et le centrage de l&#8217;image du connecteur, applique les r\u00e8gles de r\u00e9ussite\/\u00e9chec, affiche l&#8217;image et les r\u00e9sultats de r\u00e9ussite\/\u00e9chec, stocke les r\u00e9sultats en interne et\/ou transmet sans fil les donn\u00e9es \u00e0 un&hellip;<\/p>\n","protected":false},"featured_media":0,"comment_status":"open","ping_status":"closed","template":"","meta":[],"product_brand":[],"product_cat":[309,206],"product_tag":[],"class_list":{"0":"post-61892","1":"product","2":"type-product","3":"status-publish","5":"product_cat-microscopes-adaptateurs","6":"product_cat-mikroskop-adapter","7":"description-off","9":"first","10":"onbackorder","11":"taxable","12":"shipping-taxable","13":"purchasable","14":"product-type-simple"},"_links":{"self":[{"href":"https:\/\/shop.mesomatic.ch\/fr\/wp-json\/wp\/v2\/product\/61892","targetHints":{"allow":["GET"]}}],"collection":[{"href":"https:\/\/shop.mesomatic.ch\/fr\/wp-json\/wp\/v2\/product"}],"about":[{"href":"https:\/\/shop.mesomatic.ch\/fr\/wp-json\/wp\/v2\/types\/product"}],"replies":[{"embeddable":true,"href":"https:\/\/shop.mesomatic.ch\/fr\/wp-json\/wp\/v2\/comments?post=61892"}],"wp:attachment":[{"href":"https:\/\/shop.mesomatic.ch\/fr\/wp-json\/wp\/v2\/media?parent=61892"}],"wp:term":[{"taxonomy":"product_brand","embeddable":true,"href":"https:\/\/shop.mesomatic.ch\/fr\/wp-json\/wp\/v2\/product_brand?post=61892"},{"taxonomy":"product_cat","embeddable":true,"href":"https:\/\/shop.mesomatic.ch\/fr\/wp-json\/wp\/v2\/product_cat?post=61892"},{"taxonomy":"product_tag","embeddable":true,"href":"https:\/\/shop.mesomatic.ch\/fr\/wp-json\/wp\/v2\/product_tag?post=61892"}],"curies":[{"name":"wp","href":"https:\/\/api.w.org\/{rel}","templated":true}]}}