{"id":62389,"date":"2021-08-20T11:07:21","date_gmt":"2021-08-20T09:07:25","guid":{"rendered":"https:\/\/shop.mesomatic.ch\/produkt\/unkategorisiert\/valise-pour-smart-otdr-mts2000-avec-place-pour-le-microscope-p5000i\/"},"modified":"2026-03-19T17:33:45","modified_gmt":"2026-03-19T16:33:45","slug":"valise-pour-smart-otdr-mts2000-avec-place-pour-le-microscope-p5000i","status":"publish","type":"product","link":"https:\/\/shop.mesomatic.ch\/fr\/produkt\/mesurer\/accessoires\/valise-pour-smart-otdr-mts2000-avec-place-pour-le-microscope-p5000i\/","title":{"rendered":"Valise pour Smart OTDR &amp; MTS2000 avec place pour le microscope P5000i"},"content":{"rendered":"<p>Inclus<br \/>\n&#8211; stylo de nettoyage IBC-Zi25<br \/>\n&#8211; stylo de nettoyage IBC-Zi125<br \/>\n&#8211; Vaporisateur (rempli avec de l&#8217;alcool isopropylique 99,7%)<br \/>\n&#8211; Spebox distributeur incl. Lingettes nettoyantes 10 x 10cm<br \/>\n&#8211; 10 B\u00e2tonnets de nettoyage 1.25mm<\/p>\n<p>Le tout emball\u00e9 dans une mallette faite sur mesure pour SmartOTDR et MTS2000, avec un c\u00e2ble pour un travail efficace.<br \/>\n&#8211; 10 B\u00e2tonnets de nettoyage 2.5mm<br \/>\n&#8211; Bo\u00eete de rangement<\/p>\n","protected":false},"excerpt":{"rendered":"<p>Inclus &#8211; stylo de nettoyage IBC-Zi25 &#8211; stylo de nettoyage IBC-Zi125 &#8211; Vaporisateur (rempli avec de l&#8217;alcool isopropylique 99,7%) &#8211; Spebox distributeur incl. Lingettes nettoyantes 10 x 10cm &#8211; 10 B\u00e2tonnets de nettoyage 1.25mm Le tout emball\u00e9 dans une mallette faite sur mesure pour SmartOTDR et MTS2000, avec un c\u00e2ble pour un travail efficace. &#8211;&hellip;<\/p>\n","protected":false},"featured_media":0,"comment_status":"open","ping_status":"closed","template":"","meta":[],"product_brand":[],"product_cat":[282],"product_tag":[],"class_list":{"0":"post-62389","1":"product","2":"type-product","3":"status-publish","5":"product_cat-accessoires","6":"description-off","8":"first","9":"instock","10":"taxable","11":"shipping-taxable","12":"purchasable","13":"product-type-simple"},"_links":{"self":[{"href":"https:\/\/shop.mesomatic.ch\/fr\/wp-json\/wp\/v2\/product\/62389","targetHints":{"allow":["GET"]}}],"collection":[{"href":"https:\/\/shop.mesomatic.ch\/fr\/wp-json\/wp\/v2\/product"}],"about":[{"href":"https:\/\/shop.mesomatic.ch\/fr\/wp-json\/wp\/v2\/types\/product"}],"replies":[{"embeddable":true,"href":"https:\/\/shop.mesomatic.ch\/fr\/wp-json\/wp\/v2\/comments?post=62389"}],"wp:attachment":[{"href":"https:\/\/shop.mesomatic.ch\/fr\/wp-json\/wp\/v2\/media?parent=62389"}],"wp:term":[{"taxonomy":"product_brand","embeddable":true,"href":"https:\/\/shop.mesomatic.ch\/fr\/wp-json\/wp\/v2\/product_brand?post=62389"},{"taxonomy":"product_cat","embeddable":true,"href":"https:\/\/shop.mesomatic.ch\/fr\/wp-json\/wp\/v2\/product_cat?post=62389"},{"taxonomy":"product_tag","embeddable":true,"href":"https:\/\/shop.mesomatic.ch\/fr\/wp-json\/wp\/v2\/product_tag?post=62389"}],"curies":[{"name":"wp","href":"https:\/\/api.w.org\/{rel}","templated":true}]}}