{"id":62643,"date":"2021-11-19T07:41:20","date_gmt":"2021-11-19T06:41:20","guid":{"rendered":"https:\/\/shop.mesomatic.ch\/produkt\/unkategorisiert\/dst107-2\/"},"modified":"2026-03-26T13:33:54","modified_gmt":"2026-03-26T12:33:54","slug":"dst107-2","status":"publish","type":"product","link":"https:\/\/shop.mesomatic.ch\/fr\/produkt\/inspecter-et-nettoyer\/outils-de-nettoyage\/dst107-2\/","title":{"rendered":"Optic Grade Dust &amp; Particle Remover"},"content":{"rendered":"<p>Il \u00e9limine la poussi\u00e8re et les r\u00e9sidus.<br \/>\nIninflammable<\/p>\n","protected":false},"excerpt":{"rendered":"<p>Il \u00e9limine la poussi\u00e8re et les r\u00e9sidus. Ininflammable<\/p>\n","protected":false},"featured_media":0,"comment_status":"open","ping_status":"closed","template":"","meta":[],"product_brand":[],"product_cat":[295],"product_tag":[],"class_list":{"0":"post-62643","1":"product","2":"type-product","3":"status-publish","5":"product_cat-outils-de-nettoyage","6":"description-off","8":"first","9":"instock","10":"taxable","11":"shipping-taxable","12":"purchasable","13":"product-type-simple"},"_links":{"self":[{"href":"https:\/\/shop.mesomatic.ch\/fr\/wp-json\/wp\/v2\/product\/62643","targetHints":{"allow":["GET"]}}],"collection":[{"href":"https:\/\/shop.mesomatic.ch\/fr\/wp-json\/wp\/v2\/product"}],"about":[{"href":"https:\/\/shop.mesomatic.ch\/fr\/wp-json\/wp\/v2\/types\/product"}],"replies":[{"embeddable":true,"href":"https:\/\/shop.mesomatic.ch\/fr\/wp-json\/wp\/v2\/comments?post=62643"}],"wp:attachment":[{"href":"https:\/\/shop.mesomatic.ch\/fr\/wp-json\/wp\/v2\/media?parent=62643"}],"wp:term":[{"taxonomy":"product_brand","embeddable":true,"href":"https:\/\/shop.mesomatic.ch\/fr\/wp-json\/wp\/v2\/product_brand?post=62643"},{"taxonomy":"product_cat","embeddable":true,"href":"https:\/\/shop.mesomatic.ch\/fr\/wp-json\/wp\/v2\/product_cat?post=62643"},{"taxonomy":"product_tag","embeddable":true,"href":"https:\/\/shop.mesomatic.ch\/fr\/wp-json\/wp\/v2\/product_tag?post=62643"}],"curies":[{"name":"wp","href":"https:\/\/api.w.org\/{rel}","templated":true}]}}