{"id":63741,"date":"2022-06-29T06:44:23","date_gmt":"2022-06-29T04:44:31","guid":{"rendered":"https:\/\/shop.mesomatic.ch\/produkt\/unkategorisiert\/ibc-cs-2\/"},"modified":"2026-03-09T15:33:28","modified_gmt":"2026-03-09T14:33:28","slug":"ibc-cs-2","status":"publish","type":"product","link":"https:\/\/shop.mesomatic.ch\/fr\/produkt\/inspecter-et-nettoyer\/stylos-de-nettoyage\/ibc-cs-2\/","title":{"rendered":"IBC-CS, MDC"},"content":{"rendered":"<p>IBC Cleaner CS, MDC Duplex tr\u00e8s compact pour le nettoyage directement dans le panneau. Nettoie les deux connecteurs des SFP et le connecteurs CS Duplex en m\u00eame temps. Peut \u00e9galement \u00eatre utilis\u00e9 sur le patch c\u00e2ble.<br \/>\nPour environ 525 nettoyages.<\/p>\n","protected":false},"excerpt":{"rendered":"<p>IBC Cleaner CS, MDC Duplex tr\u00e8s compact pour le nettoyage directement dans le panneau. Nettoie les deux connecteurs des SFP et le connecteurs CS Duplex en m\u00eame temps. Peut \u00e9galement \u00eatre utilis\u00e9 sur le patch c\u00e2ble. Pour environ 525 nettoyages.<\/p>\n","protected":false},"featured_media":0,"comment_status":"open","ping_status":"closed","template":"","meta":[],"product_brand":[],"product_cat":[299],"product_tag":[],"class_list":{"0":"post-63741","1":"product","2":"type-product","3":"status-publish","5":"product_cat-stylos-de-nettoyage","6":"description-off","8":"first","9":"instock","10":"taxable","11":"shipping-taxable","12":"purchasable","13":"product-type-simple"},"_links":{"self":[{"href":"https:\/\/shop.mesomatic.ch\/fr\/wp-json\/wp\/v2\/product\/63741","targetHints":{"allow":["GET"]}}],"collection":[{"href":"https:\/\/shop.mesomatic.ch\/fr\/wp-json\/wp\/v2\/product"}],"about":[{"href":"https:\/\/shop.mesomatic.ch\/fr\/wp-json\/wp\/v2\/types\/product"}],"replies":[{"embeddable":true,"href":"https:\/\/shop.mesomatic.ch\/fr\/wp-json\/wp\/v2\/comments?post=63741"}],"wp:attachment":[{"href":"https:\/\/shop.mesomatic.ch\/fr\/wp-json\/wp\/v2\/media?parent=63741"}],"wp:term":[{"taxonomy":"product_brand","embeddable":true,"href":"https:\/\/shop.mesomatic.ch\/fr\/wp-json\/wp\/v2\/product_brand?post=63741"},{"taxonomy":"product_cat","embeddable":true,"href":"https:\/\/shop.mesomatic.ch\/fr\/wp-json\/wp\/v2\/product_cat?post=63741"},{"taxonomy":"product_tag","embeddable":true,"href":"https:\/\/shop.mesomatic.ch\/fr\/wp-json\/wp\/v2\/product_tag?post=63741"}],"curies":[{"name":"wp","href":"https:\/\/api.w.org\/{rel}","templated":true}]}}