{"id":63882,"date":"2022-08-30T08:57:46","date_gmt":"2022-08-30T06:57:54","guid":{"rendered":"https:\/\/shop.mesomatic.ch\/produkt\/unkategorisiert\/meso-aid-2\/"},"modified":"2026-05-13T09:33:49","modified_gmt":"2026-05-13T07:33:49","slug":"meso-aid-2","status":"publish","type":"product","link":"https:\/\/shop.mesomatic.ch\/fr\/produkt\/episser\/consommables-et-piece-de-rechange\/meso-aid-2\/","title":{"rendered":"Meso Aid"},"content":{"rendered":"<p>Kit de 1er secours pour appareil \u00e0 \u00e9pisser<br \/>\n<strong>Contenu:<\/strong><br \/>\nB\u00e2tonnets de nettoyage pour nettoyer la lentille<br \/>\nB\u00e2tonnets de nettoyage pour nettoyer la chambre d&#8217;\u00e9pissure<br \/>\nNettoyant pour verre sp\u00e9cialement adapt\u00e9 \u00e0 la lentille<br \/>\nLingettes nettoyantes pour les mains en sachet<br \/>\nChiffons imbib\u00e9s d&#8217;alcoolSharpener pour \u00e9lectrodes<br \/>\nBrosse de nettoyage pour rainures en V<br \/>\nFlacon pulv\u00e9risateur Elix Clean rempli d&#8217;alcool isoproylique<br \/>\nCode QR avec instructions vid\u00e9o<\/p>\n","protected":false},"excerpt":{"rendered":"<p>Kit de 1er secours pour appareil \u00e0 \u00e9pisser Contenu: B\u00e2tonnets de nettoyage pour nettoyer la lentille B\u00e2tonnets de nettoyage pour nettoyer la chambre d&#8217;\u00e9pissure Nettoyant pour verre sp\u00e9cialement adapt\u00e9 \u00e0 la lentille Lingettes nettoyantes pour les mains en sachet Chiffons imbib\u00e9s d&#8217;alcoolSharpener pour \u00e9lectrodes Brosse de nettoyage pour rainures en V Flacon pulv\u00e9risateur Elix Clean&hellip;<\/p>\n","protected":false},"featured_media":0,"comment_status":"open","ping_status":"closed","template":"","meta":[],"product_brand":[],"product_cat":[319,295,203,213],"product_tag":[],"class_list":{"0":"post-63882","1":"product","2":"type-product","3":"status-publish","5":"product_cat-consommables-et-piece-de-rechange","6":"product_cat-outils-de-nettoyage","7":"product_cat-reinigungstools","8":"product_cat-verbrauchsmaterial-ersatzteil","9":"description-off","11":"first","12":"instock","13":"taxable","14":"shipping-taxable","15":"purchasable","16":"product-type-simple"},"_links":{"self":[{"href":"https:\/\/shop.mesomatic.ch\/fr\/wp-json\/wp\/v2\/product\/63882","targetHints":{"allow":["GET"]}}],"collection":[{"href":"https:\/\/shop.mesomatic.ch\/fr\/wp-json\/wp\/v2\/product"}],"about":[{"href":"https:\/\/shop.mesomatic.ch\/fr\/wp-json\/wp\/v2\/types\/product"}],"replies":[{"embeddable":true,"href":"https:\/\/shop.mesomatic.ch\/fr\/wp-json\/wp\/v2\/comments?post=63882"}],"wp:attachment":[{"href":"https:\/\/shop.mesomatic.ch\/fr\/wp-json\/wp\/v2\/media?parent=63882"}],"wp:term":[{"taxonomy":"product_brand","embeddable":true,"href":"https:\/\/shop.mesomatic.ch\/fr\/wp-json\/wp\/v2\/product_brand?post=63882"},{"taxonomy":"product_cat","embeddable":true,"href":"https:\/\/shop.mesomatic.ch\/fr\/wp-json\/wp\/v2\/product_cat?post=63882"},{"taxonomy":"product_tag","embeddable":true,"href":"https:\/\/shop.mesomatic.ch\/fr\/wp-json\/wp\/v2\/product_tag?post=63882"}],"curies":[{"name":"wp","href":"https:\/\/api.w.org\/{rel}","templated":true}]}}