{"id":65274,"date":"2025-10-20T10:52:59","date_gmt":"2025-10-20T08:52:59","guid":{"rendered":"https:\/\/shop.mesomatic.ch\/produkt\/non class\u00e9\/10g-sfp-rj-45\/"},"modified":"2026-05-01T12:33:50","modified_gmt":"2026-05-01T10:33:50","slug":"10g-sfp-rj-45","status":"publish","type":"product","link":"https:\/\/shop.mesomatic.ch\/fr\/produkt\/composants\/modules-optiques-transceivers\/10g-sfp-rj-45\/","title":{"rendered":"10G SFP+ RJ-45"},"content":{"rendered":"<p><strong>10G SFP+ RJ-45<\/strong><br \/>\nD\u00e9bit de donn\u00e9es: 10G<br \/>\nFacteur de forme: SFP+<br \/>\nType de connecteur: RJ-45<br \/>\nDistance: jusqu&#8217;\u00e0 30 m<\/p>\n","protected":false},"excerpt":{"rendered":"<p>10G SFP+ RJ-45 D\u00e9bit de donn\u00e9es: 10G Facteur de forme: SFP+ Type de connecteur: RJ-45 Distance: jusqu&#8217;\u00e0 30 m<\/p>\n","protected":false},"featured_media":61298,"comment_status":"open","ping_status":"closed","template":"","meta":[],"product_brand":[],"product_cat":[271],"product_tag":[],"class_list":{"0":"post-65274","1":"product","2":"type-product","3":"status-publish","4":"has-post-thumbnail","6":"product_cat-modules-optiques-transceivers","7":"description-off","9":"first","10":"instock","11":"taxable","12":"shipping-taxable","13":"purchasable","14":"product-type-simple"},"_links":{"self":[{"href":"https:\/\/shop.mesomatic.ch\/fr\/wp-json\/wp\/v2\/product\/65274","targetHints":{"allow":["GET"]}}],"collection":[{"href":"https:\/\/shop.mesomatic.ch\/fr\/wp-json\/wp\/v2\/product"}],"about":[{"href":"https:\/\/shop.mesomatic.ch\/fr\/wp-json\/wp\/v2\/types\/product"}],"replies":[{"embeddable":true,"href":"https:\/\/shop.mesomatic.ch\/fr\/wp-json\/wp\/v2\/comments?post=65274"}],"wp:featuredmedia":[{"embeddable":true,"href":"https:\/\/shop.mesomatic.ch\/fr\/wp-json\/wp\/v2\/media\/61298"}],"wp:attachment":[{"href":"https:\/\/shop.mesomatic.ch\/fr\/wp-json\/wp\/v2\/media?parent=65274"}],"wp:term":[{"taxonomy":"product_brand","embeddable":true,"href":"https:\/\/shop.mesomatic.ch\/fr\/wp-json\/wp\/v2\/product_brand?post=65274"},{"taxonomy":"product_cat","embeddable":true,"href":"https:\/\/shop.mesomatic.ch\/fr\/wp-json\/wp\/v2\/product_cat?post=65274"},{"taxonomy":"product_tag","embeddable":true,"href":"https:\/\/shop.mesomatic.ch\/fr\/wp-json\/wp\/v2\/product_tag?post=65274"}],"curies":[{"name":"wp","href":"https:\/\/api.w.org\/{rel}","templated":true}]}}