{"id":65437,"date":"2026-04-23T11:05:11","date_gmt":"2026-04-23T09:05:11","guid":{"rendered":"https:\/\/shop.mesomatic.ch\/produkt\/non%20class\u00e9\/cable-en-cuivre-passif-1-10g-sfp-dac\/"},"modified":"2026-04-23T11:23:54","modified_gmt":"2026-04-23T09:23:54","slug":"cable-en-cuivre-passif-1-10g-sfp-dac","status":"publish","type":"product","link":"https:\/\/shop.mesomatic.ch\/fr\/produkt\/composants\/modules-optiques-transceivers\/cable-en-cuivre-passif-1-10g-sfp-dac\/","title":{"rendered":"C&acirc;ble en cuivre passif 1 &#8211; 10G SFP+ DAC."},"content":{"rendered":"<p>D\u00e9bit de donn\u00e9es: 1 &#8211; 10G<br \/>\nFacteur de forme: DAC<br \/>\nLongueur du c\u00e2ble 3,0 m\u00e8tres<\/p>\n","protected":false},"excerpt":{"rendered":"<p>D\u00e9bit de donn\u00e9es: 1 &#8211; 10G Facteur de forme: DAC Longueur du c\u00e2ble 3,0 m\u00e8tres<\/p>\n","protected":false},"featured_media":0,"comment_status":"open","ping_status":"closed","template":"","meta":[],"product_brand":[],"product_cat":[271],"product_tag":[],"class_list":{"0":"post-65437","1":"product","2":"type-product","3":"status-publish","5":"product_cat-modules-optiques-transceivers","6":"description-off","8":"first","9":"onbackorder","10":"taxable","11":"shipping-taxable","12":"purchasable","13":"product-type-simple"},"_links":{"self":[{"href":"https:\/\/shop.mesomatic.ch\/fr\/wp-json\/wp\/v2\/product\/65437","targetHints":{"allow":["GET"]}}],"collection":[{"href":"https:\/\/shop.mesomatic.ch\/fr\/wp-json\/wp\/v2\/product"}],"about":[{"href":"https:\/\/shop.mesomatic.ch\/fr\/wp-json\/wp\/v2\/types\/product"}],"replies":[{"embeddable":true,"href":"https:\/\/shop.mesomatic.ch\/fr\/wp-json\/wp\/v2\/comments?post=65437"}],"wp:attachment":[{"href":"https:\/\/shop.mesomatic.ch\/fr\/wp-json\/wp\/v2\/media?parent=65437"}],"wp:term":[{"taxonomy":"product_brand","embeddable":true,"href":"https:\/\/shop.mesomatic.ch\/fr\/wp-json\/wp\/v2\/product_brand?post=65437"},{"taxonomy":"product_cat","embeddable":true,"href":"https:\/\/shop.mesomatic.ch\/fr\/wp-json\/wp\/v2\/product_cat?post=65437"},{"taxonomy":"product_tag","embeddable":true,"href":"https:\/\/shop.mesomatic.ch\/fr\/wp-json\/wp\/v2\/product_tag?post=65437"}],"curies":[{"name":"wp","href":"https:\/\/api.w.org\/{rel}","templated":true}]}}